{"id":7894,"date":"2022-05-18T09:38:19","date_gmt":"2022-05-18T06:38:19","guid":{"rendered":"http:\/\/www.arelektrik.com\/ru\/?page_id=7894"},"modified":"2023-05-26T09:56:18","modified_gmt":"2023-05-26T06:56:18","slug":"%d1%81%d0%b2%d1%8f%d0%b7%d0%b0%d1%82%d1%8c%d1%81%d1%8f","status":"publish","type":"page","link":"https:\/\/www.arelektrik.com\/ru\/%d1%81%d0%b2%d1%8f%d0%b7%d0%b0%d1%82%d1%8c%d1%81%d1%8f\/","title":{"rendered":"\u0421\u0432\u044f\u0437\u0430\u0442\u044c\u0441\u044f"},"content":{"rendered":"<section class=\"l-section wpb_row height_custom\"><div class=\"l-section-h i-cf\"><div class=\"g-cols vc_row via_flex valign_top type_default stacking_default\" style=\"--additional-gap:10px;\"><div class=\"vc_col-sm-4 wpb_column vc_column_container\"><div class=\"vc_column-inner\"><div class=\"wpb_wrapper\"><div class=\"wpb_text_column\"><div class=\"wpb_wrapper\"><h4>\u041a\u043e\u043d\u0442\u0430\u043a\u0442\u043d\u0430\u044f \u0438\u043d\u0444\u043e\u0440\u043c\u0430\u0446\u0438\u044f<\/h4>\n<\/div><\/div><div class=\"w-separator size_small with_line width_default thick_1 style_solid color_border align_center\"><div class=\"w-separator-h\"><\/div><\/div><div class=\"w-iconbox iconpos_left style_circle color_primary align_left no_text\"><a target=\"_blank\" href=\"https:\/\/goo.gl\/maps\/QHNkQKzKtgb45DC4A\" rel=\"noopener\" class=\"w-iconbox-link\" aria-label=\"Ak\u015femsettin Mah. Fatih Bulvar\u0131 Nadide Sok. No:19 34925 Sultanbeyli-\u0130stanbul\"><div class=\"w-iconbox-icon\" style=\"font-size:20px;\"><i class=\"far fa-map-marker-alt\"><\/i><\/div><\/a><div class=\"w-iconbox-meta\"><a target=\"_blank\" href=\"https:\/\/goo.gl\/maps\/QHNkQKzKtgb45DC4A\" rel=\"noopener\" class=\"w-iconbox-link\" aria-label=\"Ak\u015femsettin Mah. Fatih Bulvar\u0131 Nadide Sok. No:19 34925 Sultanbeyli-\u0130stanbul\"><div class=\"w-iconbox-title\">Ak\u015femsettin Mah. Fatih Bulvar\u0131 Nadide Sok. No:19 34925 Sultanbeyli-\u0130stanbul<\/div><\/a><\/div><\/div><div class=\"w-separator size_custom\" style=\"height:20px\"><\/div><div class=\"w-iconbox iconpos_left style_circle color_primary align_left no_text\"><a href=\"tel:+902166600890\" class=\"w-iconbox-link\" aria-label=\"+90 216 660 08 90\"><div class=\"w-iconbox-icon\" style=\"font-size:20px;\"><i class=\"far fa-phone\"><\/i><\/div><\/a><div class=\"w-iconbox-meta\"><a href=\"tel:+902166600890\" class=\"w-iconbox-link\" aria-label=\"+90 216 660 08 90\"><div class=\"w-iconbox-title\">+90 216 660 08 90<\/div><\/a><\/div><\/div><div class=\"w-separator size_custom\" style=\"height:20px\"><\/div><div class=\"w-iconbox iconpos_left style_circle color_primary align_left no_text\"><div class=\"w-iconbox-icon\" style=\"font-size:20px;\"><i class=\"far fa-fax\"><\/i><\/div><div class=\"w-iconbox-meta\"><div class=\"w-iconbox-title\">+90 216 660 08 89<\/div><\/div><\/div><div class=\"w-separator size_custom\" style=\"height:20px\"><\/div><div class=\"w-iconbox iconpos_left style_circle color_primary align_left no_text\"><a href=\"mailto:arelektrik@arelektrik.com\" class=\"w-iconbox-link\" aria-label=\"arelektrik@arelektrik.com\"><div class=\"w-iconbox-icon\" style=\"font-size:20px;\"><i class=\"far fa-envelope\"><\/i><\/div><\/a><div class=\"w-iconbox-meta\"><a href=\"mailto:arelektrik@arelektrik.com\" class=\"w-iconbox-link\" aria-label=\"arelektrik@arelektrik.com\"><div class=\"w-iconbox-title\">arelektrik@arelektrik.com<\/div><\/a><\/div><\/div><div class=\"w-separator size_custom\" style=\"height:20px\"><\/div><div class=\"w-separator size_custom\" style=\"height:20px\"><\/div><div class=\"w-hwrapper align_left valign_middle\" style=\"--hwrapper-gap:1.5rem\"><div class=\"w-image align_left\"><a target=\"_blank\" href=\"https:\/\/goo.gl\/maps\/QHNkQKzKtgb45DC4A\" rel=\"noopener\" aria-label=\"Ba\u011flant\u0131\" class=\"w-image-h\"><img loading=\"lazy\" decoding=\"async\" width=\"50\" height=\"50\" src=\"https:\/\/www.arelektrik.com\/ru\/wp-content\/uploads\/2022\/05\/Maps-Ikon.png\" class=\"attachment-full size-full\" alt=\"\" \/><\/a><\/div><div class=\"w-text\"><a target=\"_blank\" href=\"https:\/\/goo.gl\/maps\/QHNkQKzKtgb45DC4A\" rel=\"noopener\" class=\"w-text-h\"><span class=\"w-text-value\">\u041f\u043e\u043b\u0443\u0447\u0438\u0442\u044c \u043d\u0430\u043f\u0440\u0430\u0432\u043b\u0435\u043d\u0438\u044f<\/span><\/a><\/div><div class=\"w-text us_custom_f03ee871\"><span class=\"w-text-h\"><span class=\"w-text-value\"><\/span><\/span><\/div><div class=\"w-text us_custom_8d493aeb icon_atleft\"><a target=\"_blank\" href=\"https:\/\/goo.gl\/maps\/QHNkQKzKtgb45DC4A\" rel=\"noopener\" aria-label=\"fas|arrow-right\" class=\"w-text-h\"><i class=\"fas fa-arrow-right\"><\/i><span class=\"w-text-value\"><\/span><\/a><\/div><\/div><div class=\"w-separator size_custom\" style=\"height:20px\"><\/div><\/div><\/div><\/div><div class=\"vc_col-sm-8 wpb_column vc_column_container\"><div class=\"vc_column-inner\"><div class=\"wpb_wrapper\"><div class=\"wpb_text_column\"><div class=\"wpb_wrapper\"><h4>\u0424\u043e\u0440\u043c\u0430 \u043e\u0431\u0440\u0430\u0442\u043d\u043e\u0439 \u0441\u0432\u044f\u0437\u0438<\/h4>\n<\/div><\/div><div class=\"w-separator size_small with_line width_default thick_1 style_solid color_border align_center\"><div class=\"w-separator-h\"><\/div><\/div><form class=\"w-form  layout_ver for_cform us_form_1\" autocomplete=\"off\" action=\"https:\/\/www.arelektrik.com\/ru\/ru\/wp-json\/wp\/v2\/pages\/7894\" method=\"post\"><div class=\"w-form-h\"><div class=\"w-form-row for_text required with_icon\">\r\n\t\t<div class=\"w-form-row-field\">\r\n\t\t\t\t<i class=\"fas fa-address-card\"><\/i>\t\t<input aria-label=\"\u0438\u043c\u044f\" type=\"text\" name=\"us_form_1_text_1\" value placeholder=\"\u0438\u043c\u044f *\" data-required=\"true\" aria-required=\"true\"\/>\r\n\t\t\t<\/div>\r\n\t\t<div class=\"w-form-row-state\">Fill out this field<\/div>\r\n<\/div>\r\n<div class=\"w-form-row for_email required with_icon cols_2\">\r\n\t\t<div class=\"w-form-row-field\">\r\n\t\t\t\t<i class=\"fas fa-envelope-open-text\"><\/i>\t\t<input aria-label=\"\u042d\u043b. \u043f\u043e\u0447\u0442\u0430\" type=\"email\" name=\"us_form_1_email_1\" value placeholder=\"\u042d\u043b. \u043f\u043e\u0447\u0442\u0430 *\" data-required=\"true\" aria-required=\"true\"\/>\r\n\t\t\t<\/div>\r\n\t\t<div class=\"w-form-row-state\">L\u00fctfen ge\u00e7erli bir e-posta adresi yaz\u0131n.<\/div>\r\n<\/div>\r\n<div class=\"w-form-row for_text required with_icon cols_2\">\r\n\t\t<div class=\"w-form-row-field\">\r\n\t\t\t\t<i class=\"fas fa-phone-alt\"><\/i>\t\t<input aria-label=\"\u0442\u0435\u043b\u0435\u0444\u043e\u043d\" inputmode=\"tel\" type=\"text\" name=\"us_form_1_text_2\" value placeholder=\"\u0442\u0435\u043b\u0435\u0444\u043e\u043d *\" data-required=\"true\" aria-required=\"true\"\/>\r\n\t\t\t<\/div>\r\n\t\t<div class=\"w-form-row-state\">Fill out this field<\/div>\r\n<\/div>\r\n<div class=\"w-form-row for_text required with_icon\">\r\n\t\t<div class=\"w-form-row-field\">\r\n\t\t\t\t<i class=\"fas fa-building\"><\/i>\t\t<input aria-label=\"\u041d\u0430\u0437\u0432\u0430\u043d\u0438\u0435 \u0432\u0430\u0448\u0435\u0439 \u043a\u043e\u043c\u043f\u0430\u043d\u0438\u0438\" type=\"text\" name=\"us_form_1_text_3\" value placeholder=\"\u041d\u0430\u0437\u0432\u0430\u043d\u0438\u0435 \u0432\u0430\u0448\u0435\u0439 \u043a\u043e\u043c\u043f\u0430\u043d\u0438\u0438 *\" data-required=\"true\" aria-required=\"true\"\/>\r\n\t\t\t<\/div>\r\n\t\t<div class=\"w-form-row-state\">Fill out this field<\/div>\r\n<\/div>\r\n<div class=\"w-form-row for_textarea required with_icon\">\r\n\t\t<div class=\"w-form-row-field\">\r\n\t\t\t\t<i class=\"fas fa-align-justify\"><\/i>\t\t<textarea aria-label=\"\u0442\u0432\u043e\u0435 \u0441\u043e\u043e\u0431\u0449\u0435\u043d\u0438\u0435\" name=\"us_form_1_textarea_1\" placeholder=\"\u0442\u0432\u043e\u0435 \u0441\u043e\u043e\u0431\u0449\u0435\u043d\u0438\u0435 *\" data-required=\"true\" aria-required=\"true\"><\/textarea>\r\n\t\t\t<\/div>\r\n\t\t<div class=\"w-form-row-state\">Fill out this field<\/div>\r\n<\/div>\r\n<div class=\"w-form-row for_captcha required\">\r\n\t<div class=\"w-form-row-label\">\r\n\t\t<span> <span>20 + 10 = ?<\/span><\/span>\r\n\t<\/div>\r\n\t<div class=\"w-form-row-field\">\r\n\t\t\t\t<input type=\"hidden\" name=\"us_form_1_captcha_1_hash\" value=\"928625b1c1cd52ed54506e4cb8c9bfaf\" \/>\r\n\t\t\t\t<input aria-label=\"us_form_1_captcha_1\" type=\"text\" name=\"us_form_1_captcha_1\" placeholder data-required=\"true\" aria-required=\"true\"\/>\r\n\t\t\t<\/div>\r\n\t\t<div class=\"w-form-row-state\">Enter the equation result to proceed<\/div>\r\n<\/div>\r\n<div class=\"w-form-row for_agreement required\">\r\n\t\t<div class=\"w-form-row-field\">\r\n\t\t\t\t<label>\r\n\t\t\t<input type=\"checkbox\" class=\"screen-reader-text\" value=\"1\" data-required=\"true\" aria-required=\"true\" name=\"us_form_1_agreement_1\"\/>\r\n\t\t\t<span class=\"w-form-checkbox\"><\/span>\r\n\t\t\t<span>\u042f \u043f\u0440\u043e\u0447\u0438\u0442\u0430\u043b \u0438 \u043e\u0434\u043e\u0431\u0440\u0438\u043b \u041f\u043e\u043b\u0438\u0442\u0438\u043a\u0443 KVKK.<\/span>\r\n\t\t<\/label>\r\n\t\t\t<\/div>\r\n\t\t<div class=\"w-form-row-state\">You need to agree with the terms to proceed<\/div>\r\n<\/div>\r\n<input type=\"hidden\" name=\"action\" value=\"us_ajax_cform\" \/>\r\n<input type=\"hidden\" name=\"post_id\" value=\"0\" \/>\r\n<input type=\"hidden\" name=\"form_index\" value=\"1\" \/>\r\n<div class=\"w-form-row for_submit align_none\">\r\n\t<div class=\"w-form-row-field\">\r\n\t\t<button class=\"w-btn icon_atleft us-btn-style_1\" aria-label=\"\u041e\u0422\u041f\u0420\u0410\u0412\u0418\u0422\u042c\" type=\"submit\">\r\n\t\t\t<span class=\"g-preloader type_1\"><\/span>\r\n\t\t\t<i class=\"fas fa-paper-plane\"><\/i>\t\t\t<span class=\"w-btn-label\">\u041e\u0422\u041f\u0420\u0410\u0412\u0418\u0422\u042c<\/span>\r\n\t\t\t\t\t<\/button>\r\n\t<\/div>\r\n<\/div>\r\n<\/div><div class=\"w-form-message\"><\/div><div class=\"w-form-json hidden\" onclick='return {&quot;ajaxurl&quot;:&quot;https:\\\/\\\/www.arelektrik.com\\\/ru\\\/wp-admin\\\/admin-ajax.php&quot;,&quot;messages&quot;:{&quot;err_empty&quot;:&quot;Fill out this field&quot;,&quot;err_size&quot;:&quot;File size cannot exceed %s MB&quot;,&quot;err_extension&quot;:&quot;%s file type is not allowed&quot;}}'><\/div><\/form><\/div><\/div><\/div><\/div><\/div><\/section>\n","protected":false},"excerpt":{"rendered":"\u041a\u043e\u043d\u0442\u0430\u043a\u0442\u043d\u0430\u044f \u0438\u043d\u0444\u043e\u0440\u043c\u0430\u0446\u0438\u044f Ak\u015femsettin Mah. Fatih Bulvar\u0131 Nadide Sok. No:19 34925 Sultanbeyli-\u0130stanbul+90 216 660 08 90+90 216 660 08 89arelektrik@arelektrik.com\u041f\u043e\u043b\u0443\u0447\u0438\u0442\u044c \u043d\u0430\u043f\u0440\u0430\u0432\u043b\u0435\u043d\u0438\u044f\u0424\u043e\u0440\u043c\u0430 \u043e\u0431\u0440\u0430\u0442\u043d\u043e\u0439 \u0441\u0432\u044f\u0437\u0438 Fill out this field L\u00fctfen ge\u00e7erli bir e-posta adresi yaz\u0131n. Fill out this field Fill out this field Fill out this field 20 + 4 = ? Enter the equation result to proceed...","protected":false},"author":1,"featured_media":0,"parent":0,"menu_order":27,"comment_status":"closed","ping_status":"closed","template":"","meta":{"footnotes":""},"class_list":["post-7894","page","type-page","status-publish","hentry"],"acf":[],"yoast_head":"<!-- This site is optimized with the Yoast SEO plugin v20.8 - https:\/\/yoast.com\/wordpress\/plugins\/seo\/ -->\n<title>\u0421\u0432\u044f\u0437\u0430\u0442\u044c\u0441\u044f | AR Elektrik<\/title>\n<meta name=\"robots\" content=\"index, follow, max-snippet:-1, max-image-preview:large, max-video-preview:-1\" \/>\n<link rel=\"canonical\" href=\"https:\/\/www.arelektrik.com\/ru\/\u0441\u0432\u044f\u0437\u0430\u0442\u044c\u0441\u044f\/\" \/>\n<meta property=\"og:locale\" content=\"tr_TR\" \/>\n<meta property=\"og:type\" content=\"article\" \/>\n<meta property=\"og:title\" content=\"\u0421\u0432\u044f\u0437\u0430\u0442\u044c\u0441\u044f | AR Elektrik\" \/>\n<meta property=\"og:url\" content=\"https:\/\/www.arelektrik.com\/ru\/\u0441\u0432\u044f\u0437\u0430\u0442\u044c\u0441\u044f\/\" \/>\n<meta property=\"og:site_name\" content=\"AR Elektrik\" \/>\n<meta property=\"article:publisher\" content=\"https:\/\/www.facebook.com\/arelektrik\/\" \/>\n<meta property=\"article:modified_time\" content=\"2023-05-26T06:56:18+00:00\" \/>\n<meta name=\"twitter:card\" content=\"summary_large_image\" \/>\n<meta name=\"twitter:site\" content=\"@AR_Elektrik\" \/>\n<meta name=\"twitter:label1\" content=\"Tahmini okuma s\u00fcresi\" \/>\n\t<meta name=\"twitter:data1\" content=\"1 dakika\" \/>\n<script type=\"application\/ld+json\" class=\"yoast-schema-graph\">{\"@context\":\"https:\/\/schema.org\",\"@graph\":[{\"@type\":\"WebPage\",\"@id\":\"https:\/\/www.arelektrik.com\/ru\/%d1%81%d0%b2%d1%8f%d0%b7%d0%b0%d1%82%d1%8c%d1%81%d1%8f\/\",\"url\":\"https:\/\/www.arelektrik.com\/ru\/%d1%81%d0%b2%d1%8f%d0%b7%d0%b0%d1%82%d1%8c%d1%81%d1%8f\/\",\"name\":\"\u0421\u0432\u044f\u0437\u0430\u0442\u044c\u0441\u044f | AR Elektrik\",\"isPartOf\":{\"@id\":\"https:\/\/www.arelektrik.com\/ru\/#website\"},\"datePublished\":\"2022-05-18T06:38:19+00:00\",\"dateModified\":\"2023-05-26T06:56:18+00:00\",\"breadcrumb\":{\"@id\":\"https:\/\/www.arelektrik.com\/ru\/%d1%81%d0%b2%d1%8f%d0%b7%d0%b0%d1%82%d1%8c%d1%81%d1%8f\/#breadcrumb\"},\"inLanguage\":\"tr\",\"potentialAction\":[{\"@type\":\"ReadAction\",\"target\":[\"https:\/\/www.arelektrik.com\/ru\/%d1%81%d0%b2%d1%8f%d0%b7%d0%b0%d1%82%d1%8c%d1%81%d1%8f\/\"]}]},{\"@type\":\"BreadcrumbList\",\"@id\":\"https:\/\/www.arelektrik.com\/ru\/%d1%81%d0%b2%d1%8f%d0%b7%d0%b0%d1%82%d1%8c%d1%81%d1%8f\/#breadcrumb\",\"itemListElement\":[{\"@type\":\"ListItem\",\"position\":1,\"name\":\"Anasayfa\",\"item\":\"https:\/\/www.arelektrik.com\/ru\/\"},{\"@type\":\"ListItem\",\"position\":2,\"name\":\"\u0421\u0432\u044f\u0437\u0430\u0442\u044c\u0441\u044f\"}]},{\"@type\":\"WebSite\",\"@id\":\"https:\/\/www.arelektrik.com\/ru\/#website\",\"url\":\"https:\/\/www.arelektrik.com\/ru\/\",\"name\":\"AR Elektrik\",\"description\":\"\",\"publisher\":{\"@id\":\"https:\/\/www.arelektrik.com\/ru\/#organization\"},\"potentialAction\":[{\"@type\":\"SearchAction\",\"target\":{\"@type\":\"EntryPoint\",\"urlTemplate\":\"https:\/\/www.arelektrik.com\/ru\/?s={search_term_string}\"},\"query-input\":\"required name=search_term_string\"}],\"inLanguage\":\"tr\"},{\"@type\":\"Organization\",\"@id\":\"https:\/\/www.arelektrik.com\/ru\/#organization\",\"name\":\"AR Elektrik\",\"url\":\"https:\/\/www.arelektrik.com\/ru\/\",\"logo\":{\"@type\":\"ImageObject\",\"inLanguage\":\"tr\",\"@id\":\"https:\/\/www.arelektrik.com\/ru\/#\/schema\/logo\/image\/\",\"url\":\"https:\/\/www.arelektrik.com\/ru\/wp-content\/uploads\/2022\/05\/AR-Elektrik-19-9-Logo.jpg\",\"contentUrl\":\"https:\/\/www.arelektrik.com\/ru\/wp-content\/uploads\/2022\/05\/AR-Elektrik-19-9-Logo.jpg\",\"width\":1920,\"height\":1080,\"caption\":\"AR Elektrik\"},\"image\":{\"@id\":\"https:\/\/www.arelektrik.com\/ru\/#\/schema\/logo\/image\/\"},\"sameAs\":[\"https:\/\/www.facebook.com\/arelektrik\/\",\"https:\/\/twitter.com\/AR_Elektrik\",\"https:\/\/www.instagram.com\/arelektrikpano\/\",\"https:\/\/www.youtube.com\/channel\/UCOyPir4cN9jLIz0xDRSrDvg\",\"https:\/\/www.linkedin.com\/company\/ar-elektrik\"]}]}<\/script>\n<!-- \/ Yoast SEO plugin. -->","yoast_head_json":{"title":"\u0421\u0432\u044f\u0437\u0430\u0442\u044c\u0441\u044f | AR Elektrik","robots":{"index":"index","follow":"follow","max-snippet":"max-snippet:-1","max-image-preview":"max-image-preview:large","max-video-preview":"max-video-preview:-1"},"canonical":"https:\/\/www.arelektrik.com\/ru\/\u0441\u0432\u044f\u0437\u0430\u0442\u044c\u0441\u044f\/","og_locale":"tr_TR","og_type":"article","og_title":"\u0421\u0432\u044f\u0437\u0430\u0442\u044c\u0441\u044f | AR Elektrik","og_url":"https:\/\/www.arelektrik.com\/ru\/\u0441\u0432\u044f\u0437\u0430\u0442\u044c\u0441\u044f\/","og_site_name":"AR Elektrik","article_publisher":"https:\/\/www.facebook.com\/arelektrik\/","article_modified_time":"2023-05-26T06:56:18+00:00","twitter_card":"summary_large_image","twitter_site":"@AR_Elektrik","twitter_misc":{"Tahmini okuma s\u00fcresi":"1 dakika"},"schema":{"@context":"https:\/\/schema.org","@graph":[{"@type":"WebPage","@id":"https:\/\/www.arelektrik.com\/ru\/%d1%81%d0%b2%d1%8f%d0%b7%d0%b0%d1%82%d1%8c%d1%81%d1%8f\/","url":"https:\/\/www.arelektrik.com\/ru\/%d1%81%d0%b2%d1%8f%d0%b7%d0%b0%d1%82%d1%8c%d1%81%d1%8f\/","name":"\u0421\u0432\u044f\u0437\u0430\u0442\u044c\u0441\u044f | AR Elektrik","isPartOf":{"@id":"https:\/\/www.arelektrik.com\/ru\/#website"},"datePublished":"2022-05-18T06:38:19+00:00","dateModified":"2023-05-26T06:56:18+00:00","breadcrumb":{"@id":"https:\/\/www.arelektrik.com\/ru\/%d1%81%d0%b2%d1%8f%d0%b7%d0%b0%d1%82%d1%8c%d1%81%d1%8f\/#breadcrumb"},"inLanguage":"tr","potentialAction":[{"@type":"ReadAction","target":["https:\/\/www.arelektrik.com\/ru\/%d1%81%d0%b2%d1%8f%d0%b7%d0%b0%d1%82%d1%8c%d1%81%d1%8f\/"]}]},{"@type":"BreadcrumbList","@id":"https:\/\/www.arelektrik.com\/ru\/%d1%81%d0%b2%d1%8f%d0%b7%d0%b0%d1%82%d1%8c%d1%81%d1%8f\/#breadcrumb","itemListElement":[{"@type":"ListItem","position":1,"name":"Anasayfa","item":"https:\/\/www.arelektrik.com\/ru\/"},{"@type":"ListItem","position":2,"name":"\u0421\u0432\u044f\u0437\u0430\u0442\u044c\u0441\u044f"}]},{"@type":"WebSite","@id":"https:\/\/www.arelektrik.com\/ru\/#website","url":"https:\/\/www.arelektrik.com\/ru\/","name":"AR Elektrik","description":"","publisher":{"@id":"https:\/\/www.arelektrik.com\/ru\/#organization"},"potentialAction":[{"@type":"SearchAction","target":{"@type":"EntryPoint","urlTemplate":"https:\/\/www.arelektrik.com\/ru\/?s={search_term_string}"},"query-input":"required name=search_term_string"}],"inLanguage":"tr"},{"@type":"Organization","@id":"https:\/\/www.arelektrik.com\/ru\/#organization","name":"AR Elektrik","url":"https:\/\/www.arelektrik.com\/ru\/","logo":{"@type":"ImageObject","inLanguage":"tr","@id":"https:\/\/www.arelektrik.com\/ru\/#\/schema\/logo\/image\/","url":"https:\/\/www.arelektrik.com\/ru\/wp-content\/uploads\/2022\/05\/AR-Elektrik-19-9-Logo.jpg","contentUrl":"https:\/\/www.arelektrik.com\/ru\/wp-content\/uploads\/2022\/05\/AR-Elektrik-19-9-Logo.jpg","width":1920,"height":1080,"caption":"AR Elektrik"},"image":{"@id":"https:\/\/www.arelektrik.com\/ru\/#\/schema\/logo\/image\/"},"sameAs":["https:\/\/www.facebook.com\/arelektrik\/","https:\/\/twitter.com\/AR_Elektrik","https:\/\/www.instagram.com\/arelektrikpano\/","https:\/\/www.youtube.com\/channel\/UCOyPir4cN9jLIz0xDRSrDvg","https:\/\/www.linkedin.com\/company\/ar-elektrik"]}]}},"_links":{"self":[{"href":"https:\/\/www.arelektrik.com\/ru\/wp-json\/wp\/v2\/pages\/7894","targetHints":{"allow":["GET"]}}],"collection":[{"href":"https:\/\/www.arelektrik.com\/ru\/wp-json\/wp\/v2\/pages"}],"about":[{"href":"https:\/\/www.arelektrik.com\/ru\/wp-json\/wp\/v2\/types\/page"}],"author":[{"embeddable":true,"href":"https:\/\/www.arelektrik.com\/ru\/wp-json\/wp\/v2\/users\/1"}],"replies":[{"embeddable":true,"href":"https:\/\/www.arelektrik.com\/ru\/wp-json\/wp\/v2\/comments?post=7894"}],"version-history":[{"count":7,"href":"https:\/\/www.arelektrik.com\/ru\/wp-json\/wp\/v2\/pages\/7894\/revisions"}],"predecessor-version":[{"id":9481,"href":"https:\/\/www.arelektrik.com\/ru\/wp-json\/wp\/v2\/pages\/7894\/revisions\/9481"}],"wp:attachment":[{"href":"https:\/\/www.arelektrik.com\/ru\/wp-json\/wp\/v2\/media?parent=7894"}],"curies":[{"name":"wp","href":"https:\/\/api.w.org\/{rel}","templated":true}]}}