{"id":8148,"date":"2022-05-18T14:48:17","date_gmt":"2022-05-18T11:48:17","guid":{"rendered":"http:\/\/www.arelektrik.com\/fr\/?page_id=8148"},"modified":"2022-07-04T12:37:54","modified_gmt":"2022-07-04T09:37:54","slug":"histoire","status":"publish","type":"page","link":"https:\/\/www.arelektrik.com\/fr\/dentreprise\/histoire\/","title":{"rendered":"Histoire"},"content":{"rendered":"<section class=\"l-section wpb_row height_auto\"><div class=\"l-section-h i-cf\"><div class=\"g-cols vc_row via_flex valign_top type_default stacking_default\"><div class=\"vc_col-sm-12 wpb_column vc_column_container\"><div class=\"vc_column-inner\"><div class=\"wpb_wrapper\">\r\n\t\t<div class=\"custom-timeline list-timeline ex-simple ev-both-side diamond \"  style=\"height:100%;\" id=\"timeline-7450\">\r\n\t\t<div class=\"timeline\">\r\n\t\t\t<div class=\"timeline-row\" >\r\n\t\t\t<h3 class=\"heading-title\"><\/h3>\r\n\t\t\t<div class=\"timeline-item ex-md6 it-o\" >\r\n\t\t\t\t\t<div class=\"date\"><\/div>\r\n\t\t\t\t\t<div>\r\n\t\t\t\t\t\t<div class=\"content-ev\" >\r\n\t\t\t\t\t\t<div class=\"event-title\" ><a href=\"\" ><i class=\"firs fa fa-circle\"><\/i> <i class=\"seco fa fa-circle\"><\/i> <i class=\"thir fa fa-circle\"><\/i><\/a><\/div>\r\n\t\t\t\t\t\t<div class=\"event-excerpt\" ><\/div>\r\n\t\t\t\t\t\t<\/div>\r\n\t\t\t\t\t<\/div>\r\n\t\t\t<\/div><span class=\"line-fix\"><\/span><\/div>\r\n\t\t\t\t<div class=\"timeline-row\" >\r\n\t\t\t\t<div class=\"timeline-item ex-md6\" >\r\n\t\t\t\t\t<div class=\"item-bd\" style=\" \">\r\n\t\t\t\t\t<div class=\"bg-inner\">\r\n\t\t\t\t\t\t<div class=\"info-details\">\r\n\t\t\t\t\t\t\t<div class=\"content-ev\" >\r\n\t\t\t\t\t\t\t\t\t<div class=\"event-title\" ><a href=\"\" >1997<\/a><\/div>\r\n\t\t\t\t\t\t\t\t<div class=\"meta-item\">\r\n\t\t\t\t\t\t\t\t<\/div>\r\n\t\t\t\t\t\t\t\t<div class=\"event-excerpt\" >Cr\u00e9ation<\/div>\r\n\t\t\t\t\t\t\t<\/div>\r\n\t\t\t\t\t\t<\/div>\r\n\t\t\t\t\t\t<\/div>\r\n\t\t\t\t\t<\/div>\r\n\t\t\t\t<\/div><span class=\"line-fix\"><\/span> \r\n\t\t\t\t\t<span class=\"excicle-icon\" >\r\n\t\t\t\t\t <i class=\"firs fa fa-circle\"><\/i>\r\n\t\t\t\t\t <i class=\"seco fa fa-circle\"><\/i>\r\n\t\t\t\t\t <i class=\"thir fa fa-circle\"><\/i>\r\n\t\t\t\t\t<\/span>\r\n\t\t\t\t<\/div>\r\n\t\t\t\t<div class=\"timeline-row\" >\r\n\t\t\t\t<div class=\"timeline-item ex-md6\" >\r\n\t\t\t\t\t<div class=\"item-bd\" style=\" \">\r\n\t\t\t\t\t<div class=\"bg-inner\">\r\n\t\t\t\t\t\t<div class=\"info-details\">\r\n\t\t\t\t\t\t\t<div class=\"content-ev\" >\r\n\t\t\t\t\t\t\t\t\t<div class=\"event-title\" ><a href=\"\" >2000<\/a><\/div>\r\n\t\t\t\t\t\t\t\t<div class=\"meta-item\">\r\n\t\t\t\t\t\t\t\t<\/div>\r\n\t\t\t\t\t\t\t\t<div class=\"event-excerpt\" >Premier gros contrat avec TE\u0130A\u015e Project<\/div>\r\n\t\t\t\t\t\t\t<\/div>\r\n\t\t\t\t\t\t<\/div>\r\n\t\t\t\t\t\t<\/div>\r\n\t\t\t\t\t<\/div>\r\n\t\t\t\t<\/div><span class=\"line-fix\"><\/span> \r\n\t\t\t\t\t<span class=\"excicle-icon\" >\r\n\t\t\t\t\t <i class=\"firs fa fa-circle\"><\/i>\r\n\t\t\t\t\t <i class=\"seco fa fa-circle\"><\/i>\r\n\t\t\t\t\t <i class=\"thir fa fa-circle\"><\/i>\r\n\t\t\t\t\t<\/span>\r\n\t\t\t\t<\/div>\r\n\t\t\t\t<div class=\"timeline-row\" >\r\n\t\t\t\t<div class=\"timeline-item ex-md6\" >\r\n\t\t\t\t\t<div class=\"item-bd\" style=\" \">\r\n\t\t\t\t\t<div class=\"bg-inner\">\r\n\t\t\t\t\t\t<div class=\"info-details\">\r\n\t\t\t\t\t\t\t<div class=\"content-ev\" >\r\n\t\t\t\t\t\t\t\t\t<div class=\"event-title\" ><a href=\"\" >2006<\/a><\/div>\r\n\t\t\t\t\t\t\t\t<div class=\"meta-item\">\r\n\t\t\t\t\t\t\t\t<\/div>\r\n\t\t\t\t\t\t\t\t<div class=\"event-excerpt\" >Premier contrat avec ABB<\/div>\r\n\t\t\t\t\t\t\t<\/div>\r\n\t\t\t\t\t\t<\/div>\r\n\t\t\t\t\t\t<\/div>\r\n\t\t\t\t\t<\/div>\r\n\t\t\t\t<\/div><span class=\"line-fix\"><\/span> \r\n\t\t\t\t\t<span class=\"excicle-icon\" >\r\n\t\t\t\t\t <i class=\"firs fa fa-circle\"><\/i>\r\n\t\t\t\t\t <i class=\"seco fa fa-circle\"><\/i>\r\n\t\t\t\t\t <i class=\"thir fa fa-circle\"><\/i>\r\n\t\t\t\t\t<\/span>\r\n\t\t\t\t<\/div>\r\n\t\t\t\t<div class=\"timeline-row\" >\r\n\t\t\t\t<div class=\"timeline-item ex-md6\" >\r\n\t\t\t\t\t<div class=\"item-bd\" style=\" \">\r\n\t\t\t\t\t<div class=\"bg-inner\">\r\n\t\t\t\t\t\t<div class=\"info-details\">\r\n\t\t\t\t\t\t\t<div class=\"content-ev\" >\r\n\t\t\t\t\t\t\t\t\t<div class=\"event-title\" ><a href=\"\" >2007<\/a><\/div>\r\n\t\t\t\t\t\t\t\t<div class=\"meta-item\">\r\n\t\t\t\t\t\t\t\t<\/div>\r\n\t\t\t\t\t\t\t\t<div class=\"event-excerpt\" >Certification ISO 9001:2008<\/div>\r\n\t\t\t\t\t\t\t<\/div>\r\n\t\t\t\t\t\t<\/div>\r\n\t\t\t\t\t\t<\/div>\r\n\t\t\t\t\t<\/div>\r\n\t\t\t\t<\/div><span class=\"line-fix\"><\/span> \r\n\t\t\t\t\t<span class=\"excicle-icon\" >\r\n\t\t\t\t\t <i class=\"firs fa fa-circle\"><\/i>\r\n\t\t\t\t\t <i class=\"seco fa fa-circle\"><\/i>\r\n\t\t\t\t\t <i class=\"thir fa fa-circle\"><\/i>\r\n\t\t\t\t\t<\/span>\r\n\t\t\t\t<\/div>\r\n\t\t\t\t<div class=\"timeline-row\" >\r\n\t\t\t\t<div class=\"timeline-item ex-md6\" >\r\n\t\t\t\t\t<div class=\"item-bd\" style=\" \">\r\n\t\t\t\t\t<div class=\"bg-inner\">\r\n\t\t\t\t\t\t<div class=\"info-details\">\r\n\t\t\t\t\t\t\t<div class=\"content-ev\" >\r\n\t\t\t\t\t\t\t\t\t<div class=\"event-title\" ><a href=\"\" >2008<\/a><\/div>\r\n\t\t\t\t\t\t\t\t<div class=\"meta-item\">\r\n\t\t\t\t\t\t\t\t<\/div>\r\n\t\t\t\t\t\t\t\t<div class=\"event-excerpt\" >Premier contrat avec Siemens <\/div>\r\n\t\t\t\t\t\t\t<\/div>\r\n\t\t\t\t\t\t<\/div>\r\n\t\t\t\t\t\t<\/div>\r\n\t\t\t\t\t<\/div>\r\n\t\t\t\t<\/div><span class=\"line-fix\"><\/span> \r\n\t\t\t\t\t<span class=\"excicle-icon\" >\r\n\t\t\t\t\t <i class=\"firs fa fa-circle\"><\/i>\r\n\t\t\t\t\t <i class=\"seco fa fa-circle\"><\/i>\r\n\t\t\t\t\t <i class=\"thir fa fa-circle\"><\/i>\r\n\t\t\t\t\t<\/span>\r\n\t\t\t\t<\/div>\r\n\t\t\t\t<div class=\"timeline-row\" >\r\n\t\t\t\t<div class=\"timeline-item ex-md6\" >\r\n\t\t\t\t\t<div class=\"item-bd\" style=\" \">\r\n\t\t\t\t\t<div class=\"bg-inner\">\r\n\t\t\t\t\t\t<div class=\"info-details\">\r\n\t\t\t\t\t\t\t<div class=\"content-ev\" >\r\n\t\t\t\t\t\t\t\t\t<div class=\"event-title\" ><a href=\"\" >2009<\/a><\/div>\r\n\t\t\t\t\t\t\t\t<div class=\"meta-item\">\r\n\t\t\t\t\t\t\t\t<\/div>\r\n\t\t\t\t\t\t\t\t<div class=\"event-excerpt\" >Premier export<\/div>\r\n\t\t\t\t\t\t\t<\/div>\r\n\t\t\t\t\t\t<\/div>\r\n\t\t\t\t\t\t<\/div>\r\n\t\t\t\t\t<\/div>\r\n\t\t\t\t<\/div><span class=\"line-fix\"><\/span> \r\n\t\t\t\t\t<span class=\"excicle-icon\" >\r\n\t\t\t\t\t <i class=\"firs fa fa-circle\"><\/i>\r\n\t\t\t\t\t <i class=\"seco fa fa-circle\"><\/i>\r\n\t\t\t\t\t <i class=\"thir fa fa-circle\"><\/i>\r\n\t\t\t\t\t<\/span>\r\n\t\t\t\t<\/div>\r\n\t\t\t\t<div class=\"timeline-row\" >\r\n\t\t\t\t<div class=\"timeline-item ex-md6\" >\r\n\t\t\t\t\t<div class=\"item-bd\" style=\" \">\r\n\t\t\t\t\t<div class=\"bg-inner\">\r\n\t\t\t\t\t\t<div class=\"info-details\">\r\n\t\t\t\t\t\t\t<div class=\"content-ev\" >\r\n\t\t\t\t\t\t\t\t\t<div class=\"event-title\" ><a href=\"\" >2010<\/a><\/div>\r\n\t\t\t\t\t\t\t\t<div class=\"meta-item\">\r\n\t\t\t\t\t\t\t\t<\/div>\r\n\t\t\t\t\t\t\t\t<div class=\"event-excerpt\" >Certification type test TSE<\/div>\r\n\t\t\t\t\t\t\t<\/div>\r\n\t\t\t\t\t\t<\/div>\r\n\t\t\t\t\t\t<\/div>\r\n\t\t\t\t\t<\/div>\r\n\t\t\t\t<\/div><span class=\"line-fix\"><\/span> \r\n\t\t\t\t\t<span class=\"excicle-icon\" >\r\n\t\t\t\t\t <i class=\"firs fa fa-circle\"><\/i>\r\n\t\t\t\t\t <i class=\"seco fa fa-circle\"><\/i>\r\n\t\t\t\t\t <i class=\"thir fa fa-circle\"><\/i>\r\n\t\t\t\t\t<\/span>\r\n\t\t\t\t<\/div>\r\n\t\t\t\t<div class=\"timeline-row\" >\r\n\t\t\t\t<div class=\"timeline-item ex-md6\" >\r\n\t\t\t\t\t<div class=\"item-bd\" style=\" \">\r\n\t\t\t\t\t<div class=\"bg-inner\">\r\n\t\t\t\t\t\t<div class=\"info-details\">\r\n\t\t\t\t\t\t\t<div class=\"content-ev\" >\r\n\t\t\t\t\t\t\t\t\t<div class=\"event-title\" ><a href=\"\" >2013<\/a><\/div>\r\n\t\t\t\t\t\t\t\t<div class=\"meta-item\">\r\n\t\t\t\t\t\t\t\t<\/div>\r\n\t\t\t\t\t\t\t\t<div class=\"event-excerpt\" >Cr\u00e9ation du d\u00e9partement test et mise en service<\/div>\r\n\t\t\t\t\t\t\t<\/div>\r\n\t\t\t\t\t\t<\/div>\r\n\t\t\t\t\t\t<\/div>\r\n\t\t\t\t\t<\/div>\r\n\t\t\t\t<\/div><span class=\"line-fix\"><\/span> \r\n\t\t\t\t\t<span class=\"excicle-icon\" >\r\n\t\t\t\t\t <i class=\"firs fa fa-circle\"><\/i>\r\n\t\t\t\t\t <i class=\"seco fa fa-circle\"><\/i>\r\n\t\t\t\t\t <i class=\"thir fa fa-circle\"><\/i>\r\n\t\t\t\t\t<\/span>\r\n\t\t\t\t<\/div>\r\n\t\t\t\t<div class=\"timeline-row\" >\r\n\t\t\t\t<div class=\"timeline-item ex-md6\" >\r\n\t\t\t\t\t<div class=\"item-bd\" style=\" \">\r\n\t\t\t\t\t<div class=\"bg-inner\">\r\n\t\t\t\t\t\t<div class=\"info-details\">\r\n\t\t\t\t\t\t\t<div class=\"content-ev\" >\r\n\t\t\t\t\t\t\t\t\t<div class=\"event-title\" ><a href=\"\" >2014<\/a><\/div>\r\n\t\t\t\t\t\t\t\t<div class=\"meta-item\">\r\n\t\t\t\t\t\t\t\t<\/div>\r\n\t\t\t\t\t\t\t\t<div class=\"event-excerpt\" >Premi\u00e8re participation aux foires-expositions internationales<\/div>\r\n\t\t\t\t\t\t\t<\/div>\r\n\t\t\t\t\t\t<\/div>\r\n\t\t\t\t\t\t<\/div>\r\n\t\t\t\t\t<\/div>\r\n\t\t\t\t<\/div><span class=\"line-fix\"><\/span> \r\n\t\t\t\t\t<span class=\"excicle-icon\" >\r\n\t\t\t\t\t <i class=\"firs fa fa-circle\"><\/i>\r\n\t\t\t\t\t <i class=\"seco fa fa-circle\"><\/i>\r\n\t\t\t\t\t <i class=\"thir fa fa-circle\"><\/i>\r\n\t\t\t\t\t<\/span>\r\n\t\t\t\t<\/div>\r\n\t\t\t\t<div class=\"timeline-row\" >\r\n\t\t\t\t<div class=\"timeline-item ex-md6\" >\r\n\t\t\t\t\t<div class=\"item-bd\" style=\" \">\r\n\t\t\t\t\t<div class=\"bg-inner\">\r\n\t\t\t\t\t\t<div class=\"info-details\">\r\n\t\t\t\t\t\t\t<div class=\"content-ev\" >\r\n\t\t\t\t\t\t\t\t\t<div class=\"event-title\" ><a href=\"\" >2015<\/a><\/div>\r\n\t\t\t\t\t\t\t\t<div class=\"meta-item\">\r\n\t\t\t\t\t\t\t\t<\/div>\r\n\t\t\t\t\t\t\t\t<div class=\"event-excerpt\" >Obtention du Certificat tableautier officiel Eaton <\/div>\r\n\t\t\t\t\t\t\t<\/div>\r\n\t\t\t\t\t\t<\/div>\r\n\t\t\t\t\t\t<\/div>\r\n\t\t\t\t\t<\/div>\r\n\t\t\t\t<\/div><span class=\"line-fix\"><\/span> \r\n\t\t\t\t\t<span class=\"excicle-icon\" >\r\n\t\t\t\t\t <i class=\"firs fa fa-circle\"><\/i>\r\n\t\t\t\t\t <i class=\"seco fa fa-circle\"><\/i>\r\n\t\t\t\t\t <i class=\"thir fa fa-circle\"><\/i>\r\n\t\t\t\t\t<\/span>\r\n\t\t\t\t<\/div>\r\n\t\t\t\t<div class=\"timeline-row\" >\r\n\t\t\t\t<div class=\"timeline-item ex-md6\" >\r\n\t\t\t\t\t<div class=\"item-bd\" style=\" \">\r\n\t\t\t\t\t<div class=\"bg-inner\">\r\n\t\t\t\t\t\t<div class=\"info-details\">\r\n\t\t\t\t\t\t\t<div class=\"content-ev\" >\r\n\t\t\t\t\t\t\t\t\t<div class=\"event-title\" ><a href=\"\" >2019<\/a><\/div>\r\n\t\t\t\t\t\t\t\t<div class=\"meta-item\">\r\n\t\t\t\t\t\t\t\t<\/div>\r\n\t\t\t\t\t\t\t\t<div class=\"event-excerpt\" >Certificat d\u2019essai complet KEMA ARELPAN-C 6300A, Form4b, 100kA , 1sec , IP41, IEC 61439-2&amp;1 <\/div>\r\n\t\t\t\t\t\t\t<\/div>\r\n\t\t\t\t\t\t<\/div>\r\n\t\t\t\t\t\t<\/div>\r\n\t\t\t\t\t<\/div>\r\n\t\t\t\t<\/div><span class=\"line-fix\"><\/span> \r\n\t\t\t\t\t<span class=\"excicle-icon\" >\r\n\t\t\t\t\t <i class=\"firs fa fa-circle\"><\/i>\r\n\t\t\t\t\t <i class=\"seco fa fa-circle\"><\/i>\r\n\t\t\t\t\t <i class=\"thir fa fa-circle\"><\/i>\r\n\t\t\t\t\t<\/span>\r\n\t\t\t\t<\/div><\/div><\/div><\/div><\/div><\/div><\/div><\/div><\/section>\n","protected":false},"excerpt":{"rendered":"1997 Cr\u00e9ation 2000 Premier gros contrat avec TE\u0130A\u015e Project 2006 Premier contrat avec ABB 2007 Certification ISO 9001:2008 2008 Premier contrat avec Siemens 2009 Premier export 2010 Certification type test TSE 2013 Cr\u00e9ation du d\u00e9partement test et mise en service 2014 Premi\u00e8re participation aux foires-expositions internationales 2015 Obtention du Certificat tableautier officiel Eaton 2019 Certificat...","protected":false},"author":1,"featured_media":0,"parent":8135,"menu_order":7,"comment_status":"closed","ping_status":"closed","template":"","meta":{"footnotes":""},"class_list":["post-8148","page","type-page","status-publish","hentry"],"acf":[],"yoast_head":"<!-- This site is optimized with the Yoast SEO plugin v20.8 - https:\/\/yoast.com\/wordpress\/plugins\/seo\/ -->\n<title>Histoire | AR Elektrik<\/title>\n<meta name=\"robots\" content=\"index, follow, max-snippet:-1, max-image-preview:large, max-video-preview:-1\" \/>\n<link rel=\"canonical\" href=\"https:\/\/www.arelektrik.com\/fr\/dentreprise\/histoire\/\" \/>\n<meta property=\"og:locale\" content=\"fr_FR\" \/>\n<meta property=\"og:type\" content=\"article\" \/>\n<meta property=\"og:title\" content=\"Histoire | AR Elektrik\" \/>\n<meta property=\"og:url\" content=\"https:\/\/www.arelektrik.com\/fr\/dentreprise\/histoire\/\" \/>\n<meta property=\"og:site_name\" content=\"AR Elektrik\" \/>\n<meta property=\"article:publisher\" content=\"https:\/\/www.facebook.com\/arelektrik\/\" \/>\n<meta property=\"article:modified_time\" content=\"2022-07-04T09:37:54+00:00\" \/>\n<meta name=\"twitter:card\" content=\"summary_large_image\" \/>\n<meta name=\"twitter:site\" content=\"@AR_Elektrik\" \/>\n<meta name=\"twitter:label1\" content=\"Dur\u00e9e de lecture estim\u00e9e\" \/>\n\t<meta name=\"twitter:data1\" content=\"1 minute\" \/>\n<script type=\"application\/ld+json\" class=\"yoast-schema-graph\">{\"@context\":\"https:\/\/schema.org\",\"@graph\":[{\"@type\":\"WebPage\",\"@id\":\"https:\/\/www.arelektrik.com\/fr\/dentreprise\/histoire\/\",\"url\":\"https:\/\/www.arelektrik.com\/fr\/dentreprise\/histoire\/\",\"name\":\"Histoire | AR Elektrik\",\"isPartOf\":{\"@id\":\"https:\/\/www.arelektrik.com\/fr\/#website\"},\"datePublished\":\"2022-05-18T11:48:17+00:00\",\"dateModified\":\"2022-07-04T09:37:54+00:00\",\"breadcrumb\":{\"@id\":\"https:\/\/www.arelektrik.com\/fr\/dentreprise\/histoire\/#breadcrumb\"},\"inLanguage\":\"fr-FR\",\"potentialAction\":[{\"@type\":\"ReadAction\",\"target\":[\"https:\/\/www.arelektrik.com\/fr\/dentreprise\/histoire\/\"]}]},{\"@type\":\"BreadcrumbList\",\"@id\":\"https:\/\/www.arelektrik.com\/fr\/dentreprise\/histoire\/#breadcrumb\",\"itemListElement\":[{\"@type\":\"ListItem\",\"position\":1,\"name\":\"Anasayfa\",\"item\":\"https:\/\/www.arelektrik.com\/fr\/\"},{\"@type\":\"ListItem\",\"position\":2,\"name\":\"D\u2019entreprise\",\"item\":\"https:\/\/www.arelektrik.com\/fr\/dentreprise\/\"},{\"@type\":\"ListItem\",\"position\":3,\"name\":\"Histoire\"}]},{\"@type\":\"WebSite\",\"@id\":\"https:\/\/www.arelektrik.com\/fr\/#website\",\"url\":\"https:\/\/www.arelektrik.com\/fr\/\",\"name\":\"AR Elektrik\",\"description\":\"\",\"publisher\":{\"@id\":\"https:\/\/www.arelektrik.com\/fr\/#organization\"},\"potentialAction\":[{\"@type\":\"SearchAction\",\"target\":{\"@type\":\"EntryPoint\",\"urlTemplate\":\"https:\/\/www.arelektrik.com\/fr\/?s={search_term_string}\"},\"query-input\":\"required name=search_term_string\"}],\"inLanguage\":\"fr-FR\"},{\"@type\":\"Organization\",\"@id\":\"https:\/\/www.arelektrik.com\/fr\/#organization\",\"name\":\"AR Elektrik\",\"url\":\"https:\/\/www.arelektrik.com\/fr\/\",\"logo\":{\"@type\":\"ImageObject\",\"inLanguage\":\"fr-FR\",\"@id\":\"https:\/\/www.arelektrik.com\/fr\/#\/schema\/logo\/image\/\",\"url\":\"https:\/\/www.arelektrik.com\/fr\/wp-content\/uploads\/2022\/05\/AR-Elektrik-19-9-Logo.jpg\",\"contentUrl\":\"https:\/\/www.arelektrik.com\/fr\/wp-content\/uploads\/2022\/05\/AR-Elektrik-19-9-Logo.jpg\",\"width\":1920,\"height\":1080,\"caption\":\"AR Elektrik\"},\"image\":{\"@id\":\"https:\/\/www.arelektrik.com\/fr\/#\/schema\/logo\/image\/\"},\"sameAs\":[\"https:\/\/www.facebook.com\/arelektrik\/\",\"https:\/\/twitter.com\/AR_Elektrik\",\"https:\/\/www.instagram.com\/arelektrikpano\/\",\"https:\/\/www.youtube.com\/channel\/UCOyPir4cN9jLIz0xDRSrDvg\",\"https:\/\/www.linkedin.com\/company\/ar-elektrik\"]}]}<\/script>\n<!-- \/ Yoast SEO plugin. -->","yoast_head_json":{"title":"Histoire | AR Elektrik","robots":{"index":"index","follow":"follow","max-snippet":"max-snippet:-1","max-image-preview":"max-image-preview:large","max-video-preview":"max-video-preview:-1"},"canonical":"https:\/\/www.arelektrik.com\/fr\/dentreprise\/histoire\/","og_locale":"fr_FR","og_type":"article","og_title":"Histoire | AR Elektrik","og_url":"https:\/\/www.arelektrik.com\/fr\/dentreprise\/histoire\/","og_site_name":"AR Elektrik","article_publisher":"https:\/\/www.facebook.com\/arelektrik\/","article_modified_time":"2022-07-04T09:37:54+00:00","twitter_card":"summary_large_image","twitter_site":"@AR_Elektrik","twitter_misc":{"Dur\u00e9e de lecture estim\u00e9e":"1 minute"},"schema":{"@context":"https:\/\/schema.org","@graph":[{"@type":"WebPage","@id":"https:\/\/www.arelektrik.com\/fr\/dentreprise\/histoire\/","url":"https:\/\/www.arelektrik.com\/fr\/dentreprise\/histoire\/","name":"Histoire | AR Elektrik","isPartOf":{"@id":"https:\/\/www.arelektrik.com\/fr\/#website"},"datePublished":"2022-05-18T11:48:17+00:00","dateModified":"2022-07-04T09:37:54+00:00","breadcrumb":{"@id":"https:\/\/www.arelektrik.com\/fr\/dentreprise\/histoire\/#breadcrumb"},"inLanguage":"fr-FR","potentialAction":[{"@type":"ReadAction","target":["https:\/\/www.arelektrik.com\/fr\/dentreprise\/histoire\/"]}]},{"@type":"BreadcrumbList","@id":"https:\/\/www.arelektrik.com\/fr\/dentreprise\/histoire\/#breadcrumb","itemListElement":[{"@type":"ListItem","position":1,"name":"Anasayfa","item":"https:\/\/www.arelektrik.com\/fr\/"},{"@type":"ListItem","position":2,"name":"D\u2019entreprise","item":"https:\/\/www.arelektrik.com\/fr\/dentreprise\/"},{"@type":"ListItem","position":3,"name":"Histoire"}]},{"@type":"WebSite","@id":"https:\/\/www.arelektrik.com\/fr\/#website","url":"https:\/\/www.arelektrik.com\/fr\/","name":"AR Elektrik","description":"","publisher":{"@id":"https:\/\/www.arelektrik.com\/fr\/#organization"},"potentialAction":[{"@type":"SearchAction","target":{"@type":"EntryPoint","urlTemplate":"https:\/\/www.arelektrik.com\/fr\/?s={search_term_string}"},"query-input":"required name=search_term_string"}],"inLanguage":"fr-FR"},{"@type":"Organization","@id":"https:\/\/www.arelektrik.com\/fr\/#organization","name":"AR Elektrik","url":"https:\/\/www.arelektrik.com\/fr\/","logo":{"@type":"ImageObject","inLanguage":"fr-FR","@id":"https:\/\/www.arelektrik.com\/fr\/#\/schema\/logo\/image\/","url":"https:\/\/www.arelektrik.com\/fr\/wp-content\/uploads\/2022\/05\/AR-Elektrik-19-9-Logo.jpg","contentUrl":"https:\/\/www.arelektrik.com\/fr\/wp-content\/uploads\/2022\/05\/AR-Elektrik-19-9-Logo.jpg","width":1920,"height":1080,"caption":"AR Elektrik"},"image":{"@id":"https:\/\/www.arelektrik.com\/fr\/#\/schema\/logo\/image\/"},"sameAs":["https:\/\/www.facebook.com\/arelektrik\/","https:\/\/twitter.com\/AR_Elektrik","https:\/\/www.instagram.com\/arelektrikpano\/","https:\/\/www.youtube.com\/channel\/UCOyPir4cN9jLIz0xDRSrDvg","https:\/\/www.linkedin.com\/company\/ar-elektrik"]}]}},"_links":{"self":[{"href":"https:\/\/www.arelektrik.com\/fr\/wp-json\/wp\/v2\/pages\/8148","targetHints":{"allow":["GET"]}}],"collection":[{"href":"https:\/\/www.arelektrik.com\/fr\/wp-json\/wp\/v2\/pages"}],"about":[{"href":"https:\/\/www.arelektrik.com\/fr\/wp-json\/wp\/v2\/types\/page"}],"author":[{"embeddable":true,"href":"https:\/\/www.arelektrik.com\/fr\/wp-json\/wp\/v2\/users\/1"}],"replies":[{"embeddable":true,"href":"https:\/\/www.arelektrik.com\/fr\/wp-json\/wp\/v2\/comments?post=8148"}],"version-history":[{"count":3,"href":"https:\/\/www.arelektrik.com\/fr\/wp-json\/wp\/v2\/pages\/8148\/revisions"}],"predecessor-version":[{"id":9373,"href":"https:\/\/www.arelektrik.com\/fr\/wp-json\/wp\/v2\/pages\/8148\/revisions\/9373"}],"up":[{"embeddable":true,"href":"https:\/\/www.arelektrik.com\/fr\/wp-json\/wp\/v2\/pages\/8135"}],"wp:attachment":[{"href":"https:\/\/www.arelektrik.com\/fr\/wp-json\/wp\/v2\/media?parent=8148"}],"curies":[{"name":"wp","href":"https:\/\/api.w.org\/{rel}","templated":true}]}}