{"id":8141,"date":"2022-05-18T14:47:07","date_gmt":"2022-05-18T11:47:07","guid":{"rendered":"http:\/\/www.arelektrik.com\/fr\/?page_id=8141"},"modified":"2022-06-29T16:16:13","modified_gmt":"2022-06-29T13:16:13","slug":"a-propos-de-nous","status":"publish","type":"page","link":"https:\/\/www.arelektrik.com\/fr\/dentreprise\/a-propos-de-nous\/","title":{"rendered":"\u00c0 Propos De Nous"},"content":{"rendered":"<section class=\"l-section wpb_row height_custom\"><div class=\"l-section-h i-cf\"><div class=\"g-cols vc_row via_flex valign_top type_default stacking_default\"><div class=\"vc_col-sm-12 wpb_column vc_column_container\"><div class=\"vc_column-inner\"><div class=\"wpb_wrapper\"><div class=\"wpb_text_column\"><div class=\"wpb_wrapper\"><p>AR ELEKTRIK a \u00e9t\u00e9 fond\u00e9e par l\u2019exp\u00e9rience et l\u2019expertise d\u2019une \u00e9quipe sp\u00e9cialis\u00e9e en Electro-m\u00e9chanique d\u2019assemblage et d\u2019installation de panneaux de basse et moyenne tensions \u00e9lectrique en 1997.<\/p>\n<p>De sa creation a nos jours la soci\u00e9t\u00e9 a enregistr\u00e9e d\u2019\u00e9normes succes dans la r\u00e9alisation de ses projets. Vue la forte demande la societe a beaucoups investi en infrastructures, en \u00e9quipements et en r\u00e9ssources humaine afin de parvenir a satisfaire la clientele dans le temps et surtout avec la maniere.<\/p>\n<p>A nos jours AR ELEKTRIK compte plus de 50 travailleurs tous experiment\u00e9s. La societe est implant\u00e9e a \u0130stanbul sur un espace ferm\u00e9 de 2000 m2 et un espace ouvert de 500m2 jouissant d\u2019\u00e9quipements totalement modernes et conforme aux exigences de qualit\u00e9 de TSE-60439-1 et ISO9001: 2008 En tenant compte des critiques et suggestions des clients la soci\u00e9t\u00e9 a progressivement amelior\u00e9e sa qualit\u00e9 de services et ses normes en technologie et en production.<\/p>\n<p>AR ELECTRIK avec sa grande exp\u00e9rience dans le secteur continue \u00e7a forte progression dans le march\u00e9 mondial.<\/p>\n<\/div><\/div><div class=\"w-separator size_medium\"><\/div><\/div><\/div><\/div><\/div><\/div><\/section><section class=\"l-section wpb_row height_custom\"><div class=\"l-section-h i-cf\"><div class=\"g-cols vc_row via_flex valign_top type_default stacking_default\"><div class=\"vc_col-sm-12 wpb_column vc_column_container\"><div class=\"vc_column-inner\"><div class=\"wpb_wrapper\"><div class=\"g-cols wpb_row via_flex valign_middle type_default stacking_default\"><div class=\"vc_col-sm-4 wpb_column vc_column_container\"><div class=\"vc_column-inner\"><div class=\"wpb_wrapper\"><div class=\"w-image us_custom_7e20fa79 us_animate_this style_shadow-1 align_none\"><div class=\"w-image-h\"><img loading=\"lazy\" decoding=\"async\" width=\"1000\" height=\"667\" src=\"https:\/\/www.arelektrik.com\/fr\/wp-content\/uploads\/2022\/05\/vizyonumuz.jpg\" class=\"attachment-full size-full\" alt=\"\" srcset=\"https:\/\/www.arelektrik.com\/fr\/wp-content\/uploads\/2022\/05\/vizyonumuz.jpg 1000w, https:\/\/www.arelektrik.com\/fr\/wp-content\/uploads\/2022\/05\/vizyonumuz-300x200.jpg 300w\" sizes=\"auto, (max-width: 1000px) 100vw, 1000px\" \/><\/div><\/div><\/div><\/div><\/div><div class=\"vc_col-sm-8 wpb_column vc_column_container\"><div class=\"vc_column-inner\"><div class=\"wpb_wrapper\"><div class=\"wpb_text_column\"><div class=\"wpb_wrapper\"><h5>Notre Vision<\/h5>\n<p>Au fur et a m\u00e9sure que les ann\u00e9es passent, l\u2019\u00e9nergie devient une denr\u00e9e de plus en plus sollicit\u00e9e ainsi de sa production, a sa transmission , a sa distribution jusqu\u2019a sa consommation elle n\u00e9cessite un travail s\u00e9rieux et professionel. Ainsi AR-ELEKTRIK se fixe pour objectif de repondre honnorablement a chaque fois que le besoins se pose en apportant une qualit\u00e9 selon les normes internationales tout en respectant l\u2019environnement.<\/p>\n<p>Notre \u00e9quipe est l\u2019une des valeurs les plus sure de la soci\u00e9t\u00e9. Nous exigeons a ce que le personnel soit qualifi\u00e9 et d\u2019une experience irreprochable.<\/p>\n<p>En meme temps nous les soumettons a des formations periodiques afin qu\u2019ils se perfectionnent et qu\u2019ils soient en terme de donner le meilleur d\u2019eux meme.<\/p>\n<\/div><\/div><\/div><\/div><\/div><\/div><div class=\"w-separator size_small\"><\/div><div class=\"wpb_text_column\"><div class=\"wpb_wrapper\"><p>En traitant affaires avec nos clients ou repr\u00e9sentant nous agissons toujours selon les regles de l\u2019\u00e9thique qui sont nos regles de base. C\u2019est ainsi la resultante de tous ces facteurs qui font de nous aujourdhui une soci\u00e9t\u00e9 serieuse et fiable en Turquie et un peut partout dans le monde.<\/p>\n<\/div><\/div><div class=\"w-separator size_medium\"><\/div><div class=\"g-cols wpb_row via_flex valign_middle type_default reversed stacking_default\"><div class=\"vc_col-sm-8 wpb_column vc_column_container\"><div class=\"vc_column-inner\"><div class=\"wpb_wrapper\"><div class=\"wpb_text_column\"><div class=\"wpb_wrapper\"><h5>Notre Mision<\/h5>\n<p>La confiance et la satisfaction de la clientele etant nos priorit\u00e9s ainsi nous proposons a nos clients des produits adapt\u00e9s et des solutions rapides, de qualit\u00e9 et a un prix tres accecible. Ainsi nous proposons;<\/p>\n<p>\u2022 Des appuis techniques d\u2019avant et d\u2019apres ventes<br \/>\n\u2022 Portes feuilles permanent et a longtermes de service<br \/>\n\u2022 Projets de partenariats et solutions communes<br \/>\n\u2022 Produits et solutions rentable et adequates aux couts<br \/>\n\u2022 Modernisation de nos produit selon l\u2019\u00e9volution de la technologie et de l\u2019innovation.<\/p>\n<\/div><\/div><\/div><\/div><\/div><div class=\"vc_col-sm-4 wpb_column vc_column_container\"><div class=\"vc_column-inner\"><div class=\"wpb_wrapper\"><div class=\"w-image us_custom_47474b22 us_animate_this style_shadow-1 align_none\"><div class=\"w-image-h\"><img loading=\"lazy\" decoding=\"async\" width=\"1000\" height=\"667\" src=\"https:\/\/www.arelektrik.com\/fr\/wp-content\/uploads\/2022\/05\/misyonumuz.jpg\" class=\"attachment-full size-full\" alt=\"\" srcset=\"https:\/\/www.arelektrik.com\/fr\/wp-content\/uploads\/2022\/05\/misyonumuz.jpg 1000w, https:\/\/www.arelektrik.com\/fr\/wp-content\/uploads\/2022\/05\/misyonumuz-300x200.jpg 300w\" sizes=\"auto, (max-width: 1000px) 100vw, 1000px\" \/><\/div><\/div><\/div><\/div><\/div><\/div><div class=\"w-separator size_small\"><\/div><div class=\"wpb_text_column\"><div class=\"wpb_wrapper\"><p>Avec nos services Pr\u00e9 et Apres ventes et la d\u0131versit\u00e9 de nos clients conduise nos travailleurs a etre a l\u2019 ecoute et surtout nous pousse a oeuvrer a la satisfaction totale de notre clientele.<\/p>\n<\/div><\/div><\/div><\/div><\/div><\/div><\/div><\/section>\n","protected":false},"excerpt":{"rendered":"AR ELEKTRIK a \u00e9t\u00e9 fond\u00e9e par l\u2019exp\u00e9rience et l\u2019expertise d\u2019une \u00e9quipe sp\u00e9cialis\u00e9e en Electro-m\u00e9chanique d\u2019assemblage et d\u2019installation de panneaux de basse et moyenne tensions \u00e9lectrique en 1997. De sa creation a nos jours la soci\u00e9t\u00e9 a enregistr\u00e9e d\u2019\u00e9normes succes dans la r\u00e9alisation de ses projets. Vue la forte demande la societe a beaucoups investi en...","protected":false},"author":1,"featured_media":0,"parent":8135,"menu_order":9,"comment_status":"closed","ping_status":"closed","template":"","meta":{"footnotes":""},"class_list":["post-8141","page","type-page","status-publish","hentry"],"acf":[],"yoast_head":"<!-- This site is optimized with the Yoast SEO plugin v20.8 - https:\/\/yoast.com\/wordpress\/plugins\/seo\/ -->\n<title>\u00c0 Propos De Nous | AR Elektrik<\/title>\n<meta name=\"robots\" content=\"index, follow, max-snippet:-1, max-image-preview:large, max-video-preview:-1\" \/>\n<link rel=\"canonical\" href=\"https:\/\/www.arelektrik.com\/fr\/dentreprise\/a-propos-de-nous\/\" \/>\n<meta property=\"og:locale\" content=\"fr_FR\" \/>\n<meta property=\"og:type\" content=\"article\" \/>\n<meta property=\"og:title\" content=\"\u00c0 Propos De Nous | AR Elektrik\" \/>\n<meta property=\"og:url\" content=\"https:\/\/www.arelektrik.com\/fr\/dentreprise\/a-propos-de-nous\/\" \/>\n<meta property=\"og:site_name\" content=\"AR Elektrik\" \/>\n<meta property=\"article:publisher\" content=\"https:\/\/www.facebook.com\/arelektrik\/\" \/>\n<meta property=\"article:modified_time\" content=\"2022-06-29T13:16:13+00:00\" \/>\n<meta name=\"twitter:card\" content=\"summary_large_image\" \/>\n<meta name=\"twitter:site\" content=\"@AR_Elektrik\" \/>\n<meta name=\"twitter:label1\" content=\"Dur\u00e9e de lecture estim\u00e9e\" \/>\n\t<meta name=\"twitter:data1\" content=\"3 minutes\" \/>\n<script type=\"application\/ld+json\" class=\"yoast-schema-graph\">{\"@context\":\"https:\/\/schema.org\",\"@graph\":[{\"@type\":\"WebPage\",\"@id\":\"https:\/\/www.arelektrik.com\/fr\/dentreprise\/a-propos-de-nous\/\",\"url\":\"https:\/\/www.arelektrik.com\/fr\/dentreprise\/a-propos-de-nous\/\",\"name\":\"\u00c0 Propos De Nous | AR Elektrik\",\"isPartOf\":{\"@id\":\"https:\/\/www.arelektrik.com\/fr\/#website\"},\"datePublished\":\"2022-05-18T11:47:07+00:00\",\"dateModified\":\"2022-06-29T13:16:13+00:00\",\"breadcrumb\":{\"@id\":\"https:\/\/www.arelektrik.com\/fr\/dentreprise\/a-propos-de-nous\/#breadcrumb\"},\"inLanguage\":\"fr-FR\",\"potentialAction\":[{\"@type\":\"ReadAction\",\"target\":[\"https:\/\/www.arelektrik.com\/fr\/dentreprise\/a-propos-de-nous\/\"]}]},{\"@type\":\"BreadcrumbList\",\"@id\":\"https:\/\/www.arelektrik.com\/fr\/dentreprise\/a-propos-de-nous\/#breadcrumb\",\"itemListElement\":[{\"@type\":\"ListItem\",\"position\":1,\"name\":\"Anasayfa\",\"item\":\"https:\/\/www.arelektrik.com\/fr\/\"},{\"@type\":\"ListItem\",\"position\":2,\"name\":\"D\u2019entreprise\",\"item\":\"https:\/\/www.arelektrik.com\/fr\/dentreprise\/\"},{\"@type\":\"ListItem\",\"position\":3,\"name\":\"\u00c0 Propos De Nous\"}]},{\"@type\":\"WebSite\",\"@id\":\"https:\/\/www.arelektrik.com\/fr\/#website\",\"url\":\"https:\/\/www.arelektrik.com\/fr\/\",\"name\":\"AR Elektrik\",\"description\":\"\",\"publisher\":{\"@id\":\"https:\/\/www.arelektrik.com\/fr\/#organization\"},\"potentialAction\":[{\"@type\":\"SearchAction\",\"target\":{\"@type\":\"EntryPoint\",\"urlTemplate\":\"https:\/\/www.arelektrik.com\/fr\/?s={search_term_string}\"},\"query-input\":\"required name=search_term_string\"}],\"inLanguage\":\"fr-FR\"},{\"@type\":\"Organization\",\"@id\":\"https:\/\/www.arelektrik.com\/fr\/#organization\",\"name\":\"AR Elektrik\",\"url\":\"https:\/\/www.arelektrik.com\/fr\/\",\"logo\":{\"@type\":\"ImageObject\",\"inLanguage\":\"fr-FR\",\"@id\":\"https:\/\/www.arelektrik.com\/fr\/#\/schema\/logo\/image\/\",\"url\":\"https:\/\/www.arelektrik.com\/fr\/wp-content\/uploads\/2022\/05\/AR-Elektrik-19-9-Logo.jpg\",\"contentUrl\":\"https:\/\/www.arelektrik.com\/fr\/wp-content\/uploads\/2022\/05\/AR-Elektrik-19-9-Logo.jpg\",\"width\":1920,\"height\":1080,\"caption\":\"AR Elektrik\"},\"image\":{\"@id\":\"https:\/\/www.arelektrik.com\/fr\/#\/schema\/logo\/image\/\"},\"sameAs\":[\"https:\/\/www.facebook.com\/arelektrik\/\",\"https:\/\/twitter.com\/AR_Elektrik\",\"https:\/\/www.instagram.com\/arelektrikpano\/\",\"https:\/\/www.youtube.com\/channel\/UCOyPir4cN9jLIz0xDRSrDvg\",\"https:\/\/www.linkedin.com\/company\/ar-elektrik\"]}]}<\/script>\n<!-- \/ Yoast SEO plugin. -->","yoast_head_json":{"title":"\u00c0 Propos De Nous | AR Elektrik","robots":{"index":"index","follow":"follow","max-snippet":"max-snippet:-1","max-image-preview":"max-image-preview:large","max-video-preview":"max-video-preview:-1"},"canonical":"https:\/\/www.arelektrik.com\/fr\/dentreprise\/a-propos-de-nous\/","og_locale":"fr_FR","og_type":"article","og_title":"\u00c0 Propos De Nous | AR Elektrik","og_url":"https:\/\/www.arelektrik.com\/fr\/dentreprise\/a-propos-de-nous\/","og_site_name":"AR Elektrik","article_publisher":"https:\/\/www.facebook.com\/arelektrik\/","article_modified_time":"2022-06-29T13:16:13+00:00","twitter_card":"summary_large_image","twitter_site":"@AR_Elektrik","twitter_misc":{"Dur\u00e9e de lecture estim\u00e9e":"3 minutes"},"schema":{"@context":"https:\/\/schema.org","@graph":[{"@type":"WebPage","@id":"https:\/\/www.arelektrik.com\/fr\/dentreprise\/a-propos-de-nous\/","url":"https:\/\/www.arelektrik.com\/fr\/dentreprise\/a-propos-de-nous\/","name":"\u00c0 Propos De Nous | AR Elektrik","isPartOf":{"@id":"https:\/\/www.arelektrik.com\/fr\/#website"},"datePublished":"2022-05-18T11:47:07+00:00","dateModified":"2022-06-29T13:16:13+00:00","breadcrumb":{"@id":"https:\/\/www.arelektrik.com\/fr\/dentreprise\/a-propos-de-nous\/#breadcrumb"},"inLanguage":"fr-FR","potentialAction":[{"@type":"ReadAction","target":["https:\/\/www.arelektrik.com\/fr\/dentreprise\/a-propos-de-nous\/"]}]},{"@type":"BreadcrumbList","@id":"https:\/\/www.arelektrik.com\/fr\/dentreprise\/a-propos-de-nous\/#breadcrumb","itemListElement":[{"@type":"ListItem","position":1,"name":"Anasayfa","item":"https:\/\/www.arelektrik.com\/fr\/"},{"@type":"ListItem","position":2,"name":"D\u2019entreprise","item":"https:\/\/www.arelektrik.com\/fr\/dentreprise\/"},{"@type":"ListItem","position":3,"name":"\u00c0 Propos De Nous"}]},{"@type":"WebSite","@id":"https:\/\/www.arelektrik.com\/fr\/#website","url":"https:\/\/www.arelektrik.com\/fr\/","name":"AR Elektrik","description":"","publisher":{"@id":"https:\/\/www.arelektrik.com\/fr\/#organization"},"potentialAction":[{"@type":"SearchAction","target":{"@type":"EntryPoint","urlTemplate":"https:\/\/www.arelektrik.com\/fr\/?s={search_term_string}"},"query-input":"required name=search_term_string"}],"inLanguage":"fr-FR"},{"@type":"Organization","@id":"https:\/\/www.arelektrik.com\/fr\/#organization","name":"AR Elektrik","url":"https:\/\/www.arelektrik.com\/fr\/","logo":{"@type":"ImageObject","inLanguage":"fr-FR","@id":"https:\/\/www.arelektrik.com\/fr\/#\/schema\/logo\/image\/","url":"https:\/\/www.arelektrik.com\/fr\/wp-content\/uploads\/2022\/05\/AR-Elektrik-19-9-Logo.jpg","contentUrl":"https:\/\/www.arelektrik.com\/fr\/wp-content\/uploads\/2022\/05\/AR-Elektrik-19-9-Logo.jpg","width":1920,"height":1080,"caption":"AR Elektrik"},"image":{"@id":"https:\/\/www.arelektrik.com\/fr\/#\/schema\/logo\/image\/"},"sameAs":["https:\/\/www.facebook.com\/arelektrik\/","https:\/\/twitter.com\/AR_Elektrik","https:\/\/www.instagram.com\/arelektrikpano\/","https:\/\/www.youtube.com\/channel\/UCOyPir4cN9jLIz0xDRSrDvg","https:\/\/www.linkedin.com\/company\/ar-elektrik"]}]}},"_links":{"self":[{"href":"https:\/\/www.arelektrik.com\/fr\/wp-json\/wp\/v2\/pages\/8141","targetHints":{"allow":["GET"]}}],"collection":[{"href":"https:\/\/www.arelektrik.com\/fr\/wp-json\/wp\/v2\/pages"}],"about":[{"href":"https:\/\/www.arelektrik.com\/fr\/wp-json\/wp\/v2\/types\/page"}],"author":[{"embeddable":true,"href":"https:\/\/www.arelektrik.com\/fr\/wp-json\/wp\/v2\/users\/1"}],"replies":[{"embeddable":true,"href":"https:\/\/www.arelektrik.com\/fr\/wp-json\/wp\/v2\/comments?post=8141"}],"version-history":[{"count":4,"href":"https:\/\/www.arelektrik.com\/fr\/wp-json\/wp\/v2\/pages\/8141\/revisions"}],"predecessor-version":[{"id":9260,"href":"https:\/\/www.arelektrik.com\/fr\/wp-json\/wp\/v2\/pages\/8141\/revisions\/9260"}],"up":[{"embeddable":true,"href":"https:\/\/www.arelektrik.com\/fr\/wp-json\/wp\/v2\/pages\/8135"}],"wp:attachment":[{"href":"https:\/\/www.arelektrik.com\/fr\/wp-json\/wp\/v2\/media?parent=8141"}],"curies":[{"name":"wp","href":"https:\/\/api.w.org\/{rel}","templated":true}]}}