{"id":8064,"date":"2022-05-18T14:26:23","date_gmt":"2022-05-18T11:26:23","guid":{"rendered":"http:\/\/www.arelektrik.com\/fr\/?page_id=8064"},"modified":"2022-06-30T09:08:17","modified_gmt":"2022-06-30T06:08:17","slug":"ventes","status":"publish","type":"page","link":"https:\/\/www.arelektrik.com\/fr\/services\/ventes\/","title":{"rendered":"Ventes"},"content":{"rendered":"<section class=\"l-section wpb_row height_custom\"><div class=\"l-section-h i-cf\"><div class=\"g-cols vc_row via_flex valign_top type_default stacking_default\"><div class=\"vc_col-sm-12 wpb_column vc_column_container\"><div class=\"vc_column-inner\"><div class=\"wpb_wrapper\"><div class=\"wpb_text_column\"><div class=\"wpb_wrapper\"><p>Materiaux electriques, cables, materiaux auxilliaires et relais speciaux etc sont fournis par la societe a priori a nos clients dont le besoin se fait sentir. Notre objectif est d\u2019en faire des fournitures cl\u00e9s en mains , et de facilit\u00e9 le processus de fabrique des panneaux.<\/p>\n<p>Nous detenons ces marques ci dessous:<\/p>\n<\/div><\/div><div class=\"w-separator size_small\"><\/div><div class=\"g-cols wpb_row via_flex valign_top type_default stacking_default\"><div class=\"vc_col-sm-6 wpb_column vc_column_container\"><div class=\"vc_column-inner\"><div class=\"wpb_wrapper\"><div class=\"wpb_text_column\"><div class=\"wpb_wrapper\"><p>\u2022 SIEMENS<br \/>\n\u2022 ABB<br \/>\n\u2022 SCHNEIDER<br \/>\n\u2022 GE<br \/>\n\u2022 AREVA<br \/>\n\u2022 EATON<br \/>\n\u2022 PHONEIX CONTACT<br \/>\n\u2022 WEIDMULLER<\/p>\n<\/div><\/div><\/div><\/div><\/div><div class=\"vc_col-sm-6 wpb_column vc_column_container\"><div class=\"vc_column-inner\"><div class=\"wpb_wrapper\"><div class=\"wpb_text_column\"><div class=\"wpb_wrapper\"><p>\u2022 KLEMSANKLEMSAN<br \/>\n\u2022 ALCE<br \/>\n\u2022 FUJI<br \/>\n\u2022 PYRSMAN<br \/>\n\u2022 NEXANS<br \/>\n\u2022 PR<br \/>\n\u2022 ENTES<br \/>\n\u2022 RITTAL<\/p>\n<\/div><\/div><\/div><\/div><\/div><\/div><div class=\"w-separator size_small\"><\/div><div class=\"wpb_text_column\"><div class=\"wpb_wrapper\"><p>Les marques les plus rares sur le march\u00e9 sont en g\u00e9n\u00e9ral a nos possessions. Essayez juste de nous contactez si vous etes interr\u00e9ssez.<\/p>\n<\/div><\/div><\/div><\/div><\/div><\/div><\/div><\/section>\n","protected":false},"excerpt":{"rendered":"Materiaux electriques, cables, materiaux auxilliaires et relais speciaux etc sont fournis par la societe a priori a nos clients dont le besoin se fait sentir. Notre objectif est d\u2019en faire des fournitures cl\u00e9s en mains , et de facilit\u00e9 le processus de fabrique des panneaux. Nous detenons ces marques ci dessous: \u2022 SIEMENS \u2022 ABB...","protected":false},"author":1,"featured_media":8084,"parent":8033,"menu_order":24,"comment_status":"closed","ping_status":"closed","template":"","meta":{"footnotes":""},"class_list":["post-8064","page","type-page","status-publish","has-post-thumbnail","hentry"],"acf":[],"yoast_head":"<!-- This site is optimized with the Yoast SEO plugin v20.8 - https:\/\/yoast.com\/wordpress\/plugins\/seo\/ -->\n<title>Ventes | AR Elektrik<\/title>\n<meta name=\"robots\" content=\"index, follow, max-snippet:-1, max-image-preview:large, max-video-preview:-1\" \/>\n<link rel=\"canonical\" href=\"https:\/\/www.arelektrik.com\/fr\/services\/ventes\/\" \/>\n<meta property=\"og:locale\" content=\"fr_FR\" \/>\n<meta property=\"og:type\" content=\"article\" \/>\n<meta property=\"og:title\" content=\"Ventes | AR Elektrik\" \/>\n<meta property=\"og:url\" content=\"https:\/\/www.arelektrik.com\/fr\/services\/ventes\/\" \/>\n<meta property=\"og:site_name\" content=\"AR Elektrik\" \/>\n<meta property=\"article:publisher\" content=\"https:\/\/www.facebook.com\/arelektrik\/\" \/>\n<meta property=\"article:modified_time\" content=\"2022-06-30T06:08:17+00:00\" \/>\n<meta property=\"og:image\" content=\"https:\/\/www.arelektrik.com\/fr\/wp-content\/uploads\/2022\/05\/Malzeme-Tedarik.jpg\" \/>\n\t<meta property=\"og:image:width\" content=\"600\" \/>\n\t<meta property=\"og:image:height\" content=\"400\" \/>\n\t<meta property=\"og:image:type\" content=\"image\/jpeg\" \/>\n<meta name=\"twitter:card\" content=\"summary_large_image\" \/>\n<meta name=\"twitter:site\" content=\"@AR_Elektrik\" \/>\n<meta name=\"twitter:label1\" content=\"Dur\u00e9e de lecture estim\u00e9e\" \/>\n\t<meta name=\"twitter:data1\" content=\"1 minute\" \/>\n<script type=\"application\/ld+json\" class=\"yoast-schema-graph\">{\"@context\":\"https:\/\/schema.org\",\"@graph\":[{\"@type\":\"WebPage\",\"@id\":\"https:\/\/www.arelektrik.com\/fr\/services\/ventes\/\",\"url\":\"https:\/\/www.arelektrik.com\/fr\/services\/ventes\/\",\"name\":\"Ventes | AR Elektrik\",\"isPartOf\":{\"@id\":\"https:\/\/www.arelektrik.com\/fr\/#website\"},\"datePublished\":\"2022-05-18T11:26:23+00:00\",\"dateModified\":\"2022-06-30T06:08:17+00:00\",\"breadcrumb\":{\"@id\":\"https:\/\/www.arelektrik.com\/fr\/services\/ventes\/#breadcrumb\"},\"inLanguage\":\"fr-FR\",\"potentialAction\":[{\"@type\":\"ReadAction\",\"target\":[\"https:\/\/www.arelektrik.com\/fr\/services\/ventes\/\"]}]},{\"@type\":\"BreadcrumbList\",\"@id\":\"https:\/\/www.arelektrik.com\/fr\/services\/ventes\/#breadcrumb\",\"itemListElement\":[{\"@type\":\"ListItem\",\"position\":1,\"name\":\"Anasayfa\",\"item\":\"https:\/\/www.arelektrik.com\/fr\/\"},{\"@type\":\"ListItem\",\"position\":2,\"name\":\"Services\",\"item\":\"https:\/\/www.arelektrik.com\/fr\/services\/\"},{\"@type\":\"ListItem\",\"position\":3,\"name\":\"Ventes\"}]},{\"@type\":\"WebSite\",\"@id\":\"https:\/\/www.arelektrik.com\/fr\/#website\",\"url\":\"https:\/\/www.arelektrik.com\/fr\/\",\"name\":\"AR Elektrik\",\"description\":\"\",\"publisher\":{\"@id\":\"https:\/\/www.arelektrik.com\/fr\/#organization\"},\"potentialAction\":[{\"@type\":\"SearchAction\",\"target\":{\"@type\":\"EntryPoint\",\"urlTemplate\":\"https:\/\/www.arelektrik.com\/fr\/?s={search_term_string}\"},\"query-input\":\"required name=search_term_string\"}],\"inLanguage\":\"fr-FR\"},{\"@type\":\"Organization\",\"@id\":\"https:\/\/www.arelektrik.com\/fr\/#organization\",\"name\":\"AR Elektrik\",\"url\":\"https:\/\/www.arelektrik.com\/fr\/\",\"logo\":{\"@type\":\"ImageObject\",\"inLanguage\":\"fr-FR\",\"@id\":\"https:\/\/www.arelektrik.com\/fr\/#\/schema\/logo\/image\/\",\"url\":\"https:\/\/www.arelektrik.com\/fr\/wp-content\/uploads\/2022\/05\/AR-Elektrik-19-9-Logo.jpg\",\"contentUrl\":\"https:\/\/www.arelektrik.com\/fr\/wp-content\/uploads\/2022\/05\/AR-Elektrik-19-9-Logo.jpg\",\"width\":1920,\"height\":1080,\"caption\":\"AR Elektrik\"},\"image\":{\"@id\":\"https:\/\/www.arelektrik.com\/fr\/#\/schema\/logo\/image\/\"},\"sameAs\":[\"https:\/\/www.facebook.com\/arelektrik\/\",\"https:\/\/twitter.com\/AR_Elektrik\",\"https:\/\/www.instagram.com\/arelektrikpano\/\",\"https:\/\/www.youtube.com\/channel\/UCOyPir4cN9jLIz0xDRSrDvg\",\"https:\/\/www.linkedin.com\/company\/ar-elektrik\"]}]}<\/script>\n<!-- \/ Yoast SEO plugin. -->","yoast_head_json":{"title":"Ventes | AR Elektrik","robots":{"index":"index","follow":"follow","max-snippet":"max-snippet:-1","max-image-preview":"max-image-preview:large","max-video-preview":"max-video-preview:-1"},"canonical":"https:\/\/www.arelektrik.com\/fr\/services\/ventes\/","og_locale":"fr_FR","og_type":"article","og_title":"Ventes | AR Elektrik","og_url":"https:\/\/www.arelektrik.com\/fr\/services\/ventes\/","og_site_name":"AR Elektrik","article_publisher":"https:\/\/www.facebook.com\/arelektrik\/","article_modified_time":"2022-06-30T06:08:17+00:00","og_image":[{"width":600,"height":400,"url":"https:\/\/www.arelektrik.com\/fr\/wp-content\/uploads\/2022\/05\/Malzeme-Tedarik.jpg","type":"image\/jpeg"}],"twitter_card":"summary_large_image","twitter_site":"@AR_Elektrik","twitter_misc":{"Dur\u00e9e de lecture estim\u00e9e":"1 minute"},"schema":{"@context":"https:\/\/schema.org","@graph":[{"@type":"WebPage","@id":"https:\/\/www.arelektrik.com\/fr\/services\/ventes\/","url":"https:\/\/www.arelektrik.com\/fr\/services\/ventes\/","name":"Ventes | AR Elektrik","isPartOf":{"@id":"https:\/\/www.arelektrik.com\/fr\/#website"},"datePublished":"2022-05-18T11:26:23+00:00","dateModified":"2022-06-30T06:08:17+00:00","breadcrumb":{"@id":"https:\/\/www.arelektrik.com\/fr\/services\/ventes\/#breadcrumb"},"inLanguage":"fr-FR","potentialAction":[{"@type":"ReadAction","target":["https:\/\/www.arelektrik.com\/fr\/services\/ventes\/"]}]},{"@type":"BreadcrumbList","@id":"https:\/\/www.arelektrik.com\/fr\/services\/ventes\/#breadcrumb","itemListElement":[{"@type":"ListItem","position":1,"name":"Anasayfa","item":"https:\/\/www.arelektrik.com\/fr\/"},{"@type":"ListItem","position":2,"name":"Services","item":"https:\/\/www.arelektrik.com\/fr\/services\/"},{"@type":"ListItem","position":3,"name":"Ventes"}]},{"@type":"WebSite","@id":"https:\/\/www.arelektrik.com\/fr\/#website","url":"https:\/\/www.arelektrik.com\/fr\/","name":"AR Elektrik","description":"","publisher":{"@id":"https:\/\/www.arelektrik.com\/fr\/#organization"},"potentialAction":[{"@type":"SearchAction","target":{"@type":"EntryPoint","urlTemplate":"https:\/\/www.arelektrik.com\/fr\/?s={search_term_string}"},"query-input":"required name=search_term_string"}],"inLanguage":"fr-FR"},{"@type":"Organization","@id":"https:\/\/www.arelektrik.com\/fr\/#organization","name":"AR Elektrik","url":"https:\/\/www.arelektrik.com\/fr\/","logo":{"@type":"ImageObject","inLanguage":"fr-FR","@id":"https:\/\/www.arelektrik.com\/fr\/#\/schema\/logo\/image\/","url":"https:\/\/www.arelektrik.com\/fr\/wp-content\/uploads\/2022\/05\/AR-Elektrik-19-9-Logo.jpg","contentUrl":"https:\/\/www.arelektrik.com\/fr\/wp-content\/uploads\/2022\/05\/AR-Elektrik-19-9-Logo.jpg","width":1920,"height":1080,"caption":"AR Elektrik"},"image":{"@id":"https:\/\/www.arelektrik.com\/fr\/#\/schema\/logo\/image\/"},"sameAs":["https:\/\/www.facebook.com\/arelektrik\/","https:\/\/twitter.com\/AR_Elektrik","https:\/\/www.instagram.com\/arelektrikpano\/","https:\/\/www.youtube.com\/channel\/UCOyPir4cN9jLIz0xDRSrDvg","https:\/\/www.linkedin.com\/company\/ar-elektrik"]}]}},"_links":{"self":[{"href":"https:\/\/www.arelektrik.com\/fr\/wp-json\/wp\/v2\/pages\/8064","targetHints":{"allow":["GET"]}}],"collection":[{"href":"https:\/\/www.arelektrik.com\/fr\/wp-json\/wp\/v2\/pages"}],"about":[{"href":"https:\/\/www.arelektrik.com\/fr\/wp-json\/wp\/v2\/types\/page"}],"author":[{"embeddable":true,"href":"https:\/\/www.arelektrik.com\/fr\/wp-json\/wp\/v2\/users\/1"}],"replies":[{"embeddable":true,"href":"https:\/\/www.arelektrik.com\/fr\/wp-json\/wp\/v2\/comments?post=8064"}],"version-history":[{"count":1,"href":"https:\/\/www.arelektrik.com\/fr\/wp-json\/wp\/v2\/pages\/8064\/revisions"}],"predecessor-version":[{"id":9294,"href":"https:\/\/www.arelektrik.com\/fr\/wp-json\/wp\/v2\/pages\/8064\/revisions\/9294"}],"up":[{"embeddable":true,"href":"https:\/\/www.arelektrik.com\/fr\/wp-json\/wp\/v2\/pages\/8033"}],"wp:featuredmedia":[{"embeddable":true,"href":"https:\/\/www.arelektrik.com\/fr\/wp-json\/wp\/v2\/media\/8084"}],"wp:attachment":[{"href":"https:\/\/www.arelektrik.com\/fr\/wp-json\/wp\/v2\/media?parent=8064"}],"curies":[{"name":"wp","href":"https:\/\/api.w.org\/{rel}","templated":true}]}}