{"id":8046,"date":"2022-05-18T12:10:34","date_gmt":"2022-05-18T09:10:34","guid":{"rendered":"http:\/\/www.arelektrik.com\/fr\/?page_id=8046"},"modified":"2022-06-29T15:42:19","modified_gmt":"2022-06-29T12:42:19","slug":"engagement-et-suivie-dunites-industrielles","status":"publish","type":"page","link":"https:\/\/www.arelektrik.com\/fr\/services\/engagement-et-suivie-dunites-industrielles\/","title":{"rendered":"Engagement Et Suivie D\u2019unites Industrielles"},"content":{"rendered":"<section class=\"l-section wpb_row height_custom\"><div class=\"l-section-h i-cf\"><div class=\"g-cols vc_row via_flex valign_top type_default stacking_default\"><div class=\"vc_col-sm-12 wpb_column vc_column_container\"><div class=\"vc_column-inner\"><div class=\"wpb_wrapper\"><div class=\"wpb_text_column\"><div class=\"wpb_wrapper\"><p>Notre \u00e9quipe d\u2019expert s\u2019occuppe de l\u2019ensemble des installations electrique, du cablage, des essaies et tests a tout les niveaux comme dans des endroits aussi critiques que des aeroports, les voies ferr\u00e9s, les unit\u00e9s industriels, les centres commerciaux, et pleins de grands projets de ces genres realis\u00e9s avec succes sont a l\u2019actif d\u2019 AR ELEKTRIK<\/p>\n<p>Nos panneaux dont la date de garantie arrive a termes en commun accord sont soigneusement nettoyer et rendu a l\u2019etat initial au cas ou des manques se presentent ils seront renouv\u00e9l\u00e9s et le manque serait ainsi combl\u00e9 a ce poste.<\/p>\n<p>Ci dessous nous allons vous montrez quelques un de nos secteurs d\u2019activit\u00e9s:<\/p>\n<\/div><\/div><div class=\"w-separator size_small\"><\/div><div class=\"g-cols wpb_row via_flex valign_top type_default stacking_default\"><div class=\"vc_col-sm-6 wpb_column vc_column_container\"><div class=\"vc_column-inner\"><div class=\"wpb_wrapper\"><div class=\"wpb_text_column\"><div class=\"wpb_wrapper\"><p>\u2022 Centrales Hydro- electriques<br \/>\n\u2022 Postes de commande<br \/>\n\u2022 Unites industrielles \u2013 Usines<br \/>\n\u2022 Raffineries de petrole<\/p>\n<\/div><\/div><\/div><\/div><\/div><div class=\"vc_col-sm-6 wpb_column vc_column_container\"><div class=\"vc_column-inner\"><div class=\"wpb_wrapper\"><div class=\"wpb_text_column\"><div class=\"wpb_wrapper\"><p>\u2022 Quartiers residenciels<br \/>\n\u2022 Projets maritimes<br \/>\n\u2022 Projets de transport<br \/>\n\u2022 Autres projets speciaux<\/p>\n<\/div><\/div><\/div><\/div><\/div><\/div><\/div><\/div><\/div><\/div><\/div><\/section>\n","protected":false},"excerpt":{"rendered":"Notre \u00e9quipe d\u2019expert s\u2019occuppe de l\u2019ensemble des installations electrique, du cablage, des essaies et tests a tout les niveaux comme dans des endroits aussi critiques que des aeroports, les voies ferr\u00e9s, les unit\u00e9s industriels, les centres commerciaux, et pleins de grands projets de ces genres realis\u00e9s avec succes sont a l\u2019actif d\u2019 AR ELEKTRIK Nos...","protected":false},"author":1,"featured_media":9182,"parent":8033,"menu_order":21,"comment_status":"closed","ping_status":"closed","template":"","meta":{"footnotes":""},"class_list":["post-8046","page","type-page","status-publish","has-post-thumbnail","hentry"],"acf":[],"yoast_head":"<!-- This site is optimized with the Yoast SEO plugin v20.8 - https:\/\/yoast.com\/wordpress\/plugins\/seo\/ -->\n<title>Engagement Et Suivie D\u2019unites Industrielles | AR Elektrik<\/title>\n<meta name=\"robots\" content=\"index, follow, max-snippet:-1, max-image-preview:large, max-video-preview:-1\" \/>\n<link rel=\"canonical\" href=\"https:\/\/www.arelektrik.com\/fr\/services\/engagement-et-suivie-dunites-industrielles\/\" \/>\n<meta property=\"og:locale\" content=\"fr_FR\" \/>\n<meta property=\"og:type\" content=\"article\" \/>\n<meta property=\"og:title\" content=\"Engagement Et Suivie D\u2019unites Industrielles | AR Elektrik\" \/>\n<meta property=\"og:url\" content=\"https:\/\/www.arelektrik.com\/fr\/services\/engagement-et-suivie-dunites-industrielles\/\" \/>\n<meta property=\"og:site_name\" content=\"AR Elektrik\" \/>\n<meta property=\"article:publisher\" content=\"https:\/\/www.facebook.com\/arelektrik\/\" \/>\n<meta property=\"article:modified_time\" content=\"2022-06-29T12:42:19+00:00\" \/>\n<meta property=\"og:image\" content=\"https:\/\/www.arelektrik.com\/fr\/wp-content\/uploads\/2022\/06\/taahut-fabrika.jpg\" \/>\n\t<meta property=\"og:image:width\" content=\"600\" \/>\n\t<meta property=\"og:image:height\" content=\"400\" \/>\n\t<meta property=\"og:image:type\" content=\"image\/jpeg\" \/>\n<meta name=\"twitter:card\" content=\"summary_large_image\" \/>\n<meta name=\"twitter:site\" content=\"@AR_Elektrik\" \/>\n<meta name=\"twitter:label1\" content=\"Dur\u00e9e de lecture estim\u00e9e\" \/>\n\t<meta name=\"twitter:data1\" content=\"1 minute\" \/>\n<script type=\"application\/ld+json\" class=\"yoast-schema-graph\">{\"@context\":\"https:\/\/schema.org\",\"@graph\":[{\"@type\":\"WebPage\",\"@id\":\"https:\/\/www.arelektrik.com\/fr\/services\/engagement-et-suivie-dunites-industrielles\/\",\"url\":\"https:\/\/www.arelektrik.com\/fr\/services\/engagement-et-suivie-dunites-industrielles\/\",\"name\":\"Engagement Et Suivie D\u2019unites Industrielles | AR Elektrik\",\"isPartOf\":{\"@id\":\"https:\/\/www.arelektrik.com\/fr\/#website\"},\"datePublished\":\"2022-05-18T09:10:34+00:00\",\"dateModified\":\"2022-06-29T12:42:19+00:00\",\"breadcrumb\":{\"@id\":\"https:\/\/www.arelektrik.com\/fr\/services\/engagement-et-suivie-dunites-industrielles\/#breadcrumb\"},\"inLanguage\":\"fr-FR\",\"potentialAction\":[{\"@type\":\"ReadAction\",\"target\":[\"https:\/\/www.arelektrik.com\/fr\/services\/engagement-et-suivie-dunites-industrielles\/\"]}]},{\"@type\":\"BreadcrumbList\",\"@id\":\"https:\/\/www.arelektrik.com\/fr\/services\/engagement-et-suivie-dunites-industrielles\/#breadcrumb\",\"itemListElement\":[{\"@type\":\"ListItem\",\"position\":1,\"name\":\"Anasayfa\",\"item\":\"https:\/\/www.arelektrik.com\/fr\/\"},{\"@type\":\"ListItem\",\"position\":2,\"name\":\"Services\",\"item\":\"https:\/\/www.arelektrik.com\/fr\/services\/\"},{\"@type\":\"ListItem\",\"position\":3,\"name\":\"Engagement Et Suivie D\u2019unites Industrielles\"}]},{\"@type\":\"WebSite\",\"@id\":\"https:\/\/www.arelektrik.com\/fr\/#website\",\"url\":\"https:\/\/www.arelektrik.com\/fr\/\",\"name\":\"AR Elektrik\",\"description\":\"\",\"publisher\":{\"@id\":\"https:\/\/www.arelektrik.com\/fr\/#organization\"},\"potentialAction\":[{\"@type\":\"SearchAction\",\"target\":{\"@type\":\"EntryPoint\",\"urlTemplate\":\"https:\/\/www.arelektrik.com\/fr\/?s={search_term_string}\"},\"query-input\":\"required name=search_term_string\"}],\"inLanguage\":\"fr-FR\"},{\"@type\":\"Organization\",\"@id\":\"https:\/\/www.arelektrik.com\/fr\/#organization\",\"name\":\"AR Elektrik\",\"url\":\"https:\/\/www.arelektrik.com\/fr\/\",\"logo\":{\"@type\":\"ImageObject\",\"inLanguage\":\"fr-FR\",\"@id\":\"https:\/\/www.arelektrik.com\/fr\/#\/schema\/logo\/image\/\",\"url\":\"https:\/\/www.arelektrik.com\/fr\/wp-content\/uploads\/2022\/05\/AR-Elektrik-19-9-Logo.jpg\",\"contentUrl\":\"https:\/\/www.arelektrik.com\/fr\/wp-content\/uploads\/2022\/05\/AR-Elektrik-19-9-Logo.jpg\",\"width\":1920,\"height\":1080,\"caption\":\"AR Elektrik\"},\"image\":{\"@id\":\"https:\/\/www.arelektrik.com\/fr\/#\/schema\/logo\/image\/\"},\"sameAs\":[\"https:\/\/www.facebook.com\/arelektrik\/\",\"https:\/\/twitter.com\/AR_Elektrik\",\"https:\/\/www.instagram.com\/arelektrikpano\/\",\"https:\/\/www.youtube.com\/channel\/UCOyPir4cN9jLIz0xDRSrDvg\",\"https:\/\/www.linkedin.com\/company\/ar-elektrik\"]}]}<\/script>\n<!-- \/ Yoast SEO plugin. -->","yoast_head_json":{"title":"Engagement Et Suivie D\u2019unites Industrielles | AR Elektrik","robots":{"index":"index","follow":"follow","max-snippet":"max-snippet:-1","max-image-preview":"max-image-preview:large","max-video-preview":"max-video-preview:-1"},"canonical":"https:\/\/www.arelektrik.com\/fr\/services\/engagement-et-suivie-dunites-industrielles\/","og_locale":"fr_FR","og_type":"article","og_title":"Engagement Et Suivie D\u2019unites Industrielles | AR Elektrik","og_url":"https:\/\/www.arelektrik.com\/fr\/services\/engagement-et-suivie-dunites-industrielles\/","og_site_name":"AR Elektrik","article_publisher":"https:\/\/www.facebook.com\/arelektrik\/","article_modified_time":"2022-06-29T12:42:19+00:00","og_image":[{"width":600,"height":400,"url":"https:\/\/www.arelektrik.com\/fr\/wp-content\/uploads\/2022\/06\/taahut-fabrika.jpg","type":"image\/jpeg"}],"twitter_card":"summary_large_image","twitter_site":"@AR_Elektrik","twitter_misc":{"Dur\u00e9e de lecture estim\u00e9e":"1 minute"},"schema":{"@context":"https:\/\/schema.org","@graph":[{"@type":"WebPage","@id":"https:\/\/www.arelektrik.com\/fr\/services\/engagement-et-suivie-dunites-industrielles\/","url":"https:\/\/www.arelektrik.com\/fr\/services\/engagement-et-suivie-dunites-industrielles\/","name":"Engagement Et Suivie D\u2019unites Industrielles | AR Elektrik","isPartOf":{"@id":"https:\/\/www.arelektrik.com\/fr\/#website"},"datePublished":"2022-05-18T09:10:34+00:00","dateModified":"2022-06-29T12:42:19+00:00","breadcrumb":{"@id":"https:\/\/www.arelektrik.com\/fr\/services\/engagement-et-suivie-dunites-industrielles\/#breadcrumb"},"inLanguage":"fr-FR","potentialAction":[{"@type":"ReadAction","target":["https:\/\/www.arelektrik.com\/fr\/services\/engagement-et-suivie-dunites-industrielles\/"]}]},{"@type":"BreadcrumbList","@id":"https:\/\/www.arelektrik.com\/fr\/services\/engagement-et-suivie-dunites-industrielles\/#breadcrumb","itemListElement":[{"@type":"ListItem","position":1,"name":"Anasayfa","item":"https:\/\/www.arelektrik.com\/fr\/"},{"@type":"ListItem","position":2,"name":"Services","item":"https:\/\/www.arelektrik.com\/fr\/services\/"},{"@type":"ListItem","position":3,"name":"Engagement Et Suivie D\u2019unites Industrielles"}]},{"@type":"WebSite","@id":"https:\/\/www.arelektrik.com\/fr\/#website","url":"https:\/\/www.arelektrik.com\/fr\/","name":"AR Elektrik","description":"","publisher":{"@id":"https:\/\/www.arelektrik.com\/fr\/#organization"},"potentialAction":[{"@type":"SearchAction","target":{"@type":"EntryPoint","urlTemplate":"https:\/\/www.arelektrik.com\/fr\/?s={search_term_string}"},"query-input":"required name=search_term_string"}],"inLanguage":"fr-FR"},{"@type":"Organization","@id":"https:\/\/www.arelektrik.com\/fr\/#organization","name":"AR Elektrik","url":"https:\/\/www.arelektrik.com\/fr\/","logo":{"@type":"ImageObject","inLanguage":"fr-FR","@id":"https:\/\/www.arelektrik.com\/fr\/#\/schema\/logo\/image\/","url":"https:\/\/www.arelektrik.com\/fr\/wp-content\/uploads\/2022\/05\/AR-Elektrik-19-9-Logo.jpg","contentUrl":"https:\/\/www.arelektrik.com\/fr\/wp-content\/uploads\/2022\/05\/AR-Elektrik-19-9-Logo.jpg","width":1920,"height":1080,"caption":"AR Elektrik"},"image":{"@id":"https:\/\/www.arelektrik.com\/fr\/#\/schema\/logo\/image\/"},"sameAs":["https:\/\/www.facebook.com\/arelektrik\/","https:\/\/twitter.com\/AR_Elektrik","https:\/\/www.instagram.com\/arelektrikpano\/","https:\/\/www.youtube.com\/channel\/UCOyPir4cN9jLIz0xDRSrDvg","https:\/\/www.linkedin.com\/company\/ar-elektrik"]}]}},"_links":{"self":[{"href":"https:\/\/www.arelektrik.com\/fr\/wp-json\/wp\/v2\/pages\/8046","targetHints":{"allow":["GET"]}}],"collection":[{"href":"https:\/\/www.arelektrik.com\/fr\/wp-json\/wp\/v2\/pages"}],"about":[{"href":"https:\/\/www.arelektrik.com\/fr\/wp-json\/wp\/v2\/types\/page"}],"author":[{"embeddable":true,"href":"https:\/\/www.arelektrik.com\/fr\/wp-json\/wp\/v2\/users\/1"}],"replies":[{"embeddable":true,"href":"https:\/\/www.arelektrik.com\/fr\/wp-json\/wp\/v2\/comments?post=8046"}],"version-history":[{"count":4,"href":"https:\/\/www.arelektrik.com\/fr\/wp-json\/wp\/v2\/pages\/8046\/revisions"}],"predecessor-version":[{"id":9251,"href":"https:\/\/www.arelektrik.com\/fr\/wp-json\/wp\/v2\/pages\/8046\/revisions\/9251"}],"up":[{"embeddable":true,"href":"https:\/\/www.arelektrik.com\/fr\/wp-json\/wp\/v2\/pages\/8033"}],"wp:featuredmedia":[{"embeddable":true,"href":"https:\/\/www.arelektrik.com\/fr\/wp-json\/wp\/v2\/media\/9182"}],"wp:attachment":[{"href":"https:\/\/www.arelektrik.com\/fr\/wp-json\/wp\/v2\/media?parent=8046"}],"curies":[{"name":"wp","href":"https:\/\/api.w.org\/{rel}","templated":true}]}}