{"id":8647,"date":"2022-05-25T10:40:17","date_gmt":"2022-05-25T07:40:17","guid":{"rendered":"http:\/\/www.arelektrik.com\/en\/?page_id=8647"},"modified":"2022-06-09T18:01:23","modified_gmt":"2022-06-09T15:01:23","slug":"cerez-politikasi","status":"publish","type":"page","link":"https:\/\/www.arelektrik.com\/en\/cerez-politikasi\/","title":{"rendered":"\u00c7erez Politikas\u0131"},"content":{"rendered":"<section class=\"l-section wpb_row height_custom\"><div class=\"l-section-h i-cf\"><div class=\"g-cols vc_row via_flex valign_top type_default stacking_default\"><div class=\"vc_col-sm-12 wpb_column vc_column_container\"><div class=\"vc_column-inner\"><div class=\"wpb_wrapper\"><div class=\"wpb_text_column\"><div class=\"wpb_wrapper\"><p>AR ELEKTR\u0130K PANO \u0130N\u015e. TAAH. SAN. T\u0130C. A.\u015e. (AR Elektrik) olarak, kullan\u0131c\u0131lar\u0131m\u0131z\u0131n hizmetlerimizden g\u00fcvenli ve eksiksiz \u015fekilde faydalanmalar\u0131n\u0131 sa\u011flamak amac\u0131yla sitemizi kullanan ki\u015filerin gizlili\u011fini korumak i\u00e7in \u00e7al\u0131\u015f\u0131yoruz.<br \/>\n\u00c7o\u011fu web sitesinde oldu\u011fu gibi, AR Elektrik (\u201cSite\u201d) ile mobil uygulaman\u0131n (hepsi birlikte \u201cPlatform\u201d olarak an\u0131lacakt\u0131r) ziyaret\u00e7ilere ki\u015fisel i\u00e7erik ve reklamlar g\u00f6stermek, site i\u00e7inde analitik faaliyetler ger\u00e7ekle\u015ftirmek ve ziyaret\u00e7i kullan\u0131m al\u0131\u015fkanl\u0131klar\u0131n\u0131 takip etmek amac\u0131yla \u00c7erezler kullan\u0131lmaktad\u0131r.<br \/>\n\u0130\u015fbu \u00c7erez Politikas\u0131 AR Elektrik Gizlilik Politikas\u0131n\u0131n ayr\u0131lmaz bir par\u00e7as\u0131d\u0131r.<br \/>\nAR Elektrik, bu \u00c7erez Politikas\u0131n\u0131 (\u201cPolitika\u201d) Sitede hangi \u00c7erezlerin kullan\u0131ld\u0131\u011f\u0131n\u0131 ve kullan\u0131c\u0131lar\u0131n bu konudaki tercihlerini nas\u0131l y\u00f6netebilece\u011fini a\u00e7\u0131klamak amac\u0131yla haz\u0131rlam\u0131\u015ft\u0131r.<br \/>\nAR Elektrik taraf\u0131ndan\u00a0 ki\u015fisel verilerinizin i\u015flenmesine ili\u015fkin daha detayl\u0131 bilgi i\u00e7in \u00a0<a href=\"https:\/\/arelektrik.com\/\">https:\/\/arelektrik.com\/<\/a> Gizlilik Politikas\u0131n\u0131 incelemenizi tavsiye ederiz.<\/p>\n<p><strong>\u00c7erez (\u201cCookie\u201d) Nedir?<\/strong><br \/>\n\u00c7erezler, ziyaret etti\u011finiz internet siteleri taraf\u0131ndan\u00a0 taray\u0131c\u0131lar arac\u0131l\u0131\u011f\u0131yla cihaz\u0131n\u0131za veya a\u011f sunucusuna depolanan k\u00fc\u00e7\u00fck metin dosyalar\u0131d\u0131r.<br \/>\n\u00c7erezler, ziyaret etti\u011finiz web sitesiyle ili\u015fkili sunucular taraf\u0131ndan\u00a0 olu\u015fturulurlar. B\u00f6ylelikle ziyaret\u00e7i ayn\u0131 siteyi ziyaret etti\u011finde sunucu bunu anlayabilir.<br \/>\n\u00c7erezler, ziyaret\u00e7ilere ili\u015fkin isim, cinsiyet veya adres gibi ki\u015fisel verileri i\u00e7ermezler.<br \/>\n\u00c7erezler konusunda daha detayl\u0131 bilgi i\u00e7in www.aboutcookies.org ve www.allaboutcookies.org adreslerini ziyaret edebilirisiniz.<\/p>\n<p><strong>Hangi \u00c7erezler Kullan\u0131lmaktad\u0131r?<\/strong><br \/>\n<strong>\u00c7erezler, sahipleri, kullan\u0131m \u00f6m\u00fcrleri ve kullan\u0131m ama\u00e7lar\u0131 a\u00e7\u0131s\u0131nda kategorize edilebilir:<\/strong><br \/>\n\u00c7erezi yerle\u015ftiren tarafa g\u00f6re, Platform \u00e7erezleri ve \u00fc\u00e7\u00fcnc\u00fc taraf \u00c7erezler kullan\u0131lmaktad\u0131r. Platform \u00e7erezleri, AR Elektrik taraf\u0131ndan olu\u015fturulurken, \u00fc\u00e7\u00fcnc\u00fc taraf \u00e7erezlerini AR Elektrik ile i\u015f birlikteli\u011fi olan farkl\u0131 firmalar y\u00f6netmektedir.<br \/>\nAktif oldu\u011fu s\u00fcreye g\u00f6re, oturum \u00e7erezleri ve kal\u0131c\u0131 \u00e7erezler kullan\u0131lmaktad\u0131r. Oturum \u00e7erezleri ziyaret\u00e7inin Platformu terk etmesiyle birlikte silinirken, kal\u0131c\u0131 \u00e7erezler ise kullan\u0131m alan\u0131na ba\u011fl\u0131 olarak \u00e7e\u015fitli s\u00fcrelerle ziyaret\u00e7ilerin cihazlar\u0131nda kalabilmektedir.<br \/>\nKullan\u0131m ama\u00e7lar\u0131na g\u00f6re, Platform \u2019da teknik \u00e7erezler, do\u011frulama \u00e7erezleri, hedefleme\/reklam \u00e7erezleri, ki\u015fiselle\u015ftirme \u00e7erezleri ve analitik \u00e7erezler kullan\u0131lmaktad\u0131r.<\/p>\n<p><strong>Neden \u00c7erezler Kullan\u0131lmaktad\u0131r?<\/strong><br \/>\nPlatform \u2018da, \u00c7erezler a\u015fa\u011f\u0131daki ama\u00e7lar kapsam\u0131nda kullan\u0131lmaktad\u0131r:<br \/>\nPlatform \u2018un \u00e7al\u0131\u015fmas\u0131 i\u00e7in gerekli temel fonksiyonlar\u0131 ger\u00e7ekle\u015ftirmek. \u00d6rne\u011fin,\u00a0<a href=\"https:\/\/arelektrik.com\">https:\/\/arelektrik.com<\/a> \u00fcyelerinin, ald\u0131\u011f\u0131 dopinglerin ziyaretleri s\u00fcresince kaybolmamas\u0131. Oturum a\u00e7an \u00fcyelerin Platform \u2018da farkl\u0131 sayfalar\u0131 ziyaret ederken tekrar \u015fifre girmelerine gerek kalmamas\u0131.<br \/>\nPlatformu analiz etmek ve Platform \u2018un performans\u0131n\u0131 artt\u0131rmak. \u00d6rne\u011fin, Platform \u2018un \u00fczerinde \u00e7al\u0131\u015ft\u0131\u011f\u0131 farkl\u0131 sunucular\u0131n entegrasyonu, Platformu ziyaret edenlerin say\u0131s\u0131n\u0131n tespit edilmesi ve buna g\u00f6re performans ayarlar\u0131n\u0131n yap\u0131lmas\u0131 ya da ziyaret\u00e7ilerin arad\u0131klar\u0131n\u0131 bulmalar\u0131n\u0131n kolayla\u015ft\u0131r\u0131lmas\u0131.<br \/>\nPlatform \u2018un i\u015flevselli\u011fini artt\u0131rmak ve kullan\u0131m kolayl\u0131\u011f\u0131 sa\u011flamak. \u00d6rne\u011fin, Platform \u00fczerinden \u00fc\u00e7\u00fcnc\u00fc taraf sosyal medya mecralar\u0131na payla\u015f\u0131mda bulunmak, Platformu ziyaret eden ziyaret\u00e7inin daha sonraki ziyaretinde kullan\u0131c\u0131 ad\u0131 bilgisinin ya da arama sorgular\u0131n\u0131n hat\u0131rlanmas\u0131<br \/>\nKi\u015fiselle\u015ftirme, hedefleme ve reklamc\u0131l\u0131k faaliyeti ger\u00e7ekle\u015ftirmek. \u00d6rne\u011fin, ziyaret\u00e7ilerin g\u00f6r\u00fcnt\u00fcledikleri sayfa ve \u00fcr\u00fcnler \u00fczerinden ziyaret\u00e7ilerin ilgi alanlar\u0131yla ba\u011flant\u0131l\u0131 reklam g\u00f6sterilmesi. \u00c7erez Tercihlerinizi Nas\u0131l Y\u00f6netebilirsiniz?<br \/>\nAR Elektrik, kullan\u0131c\u0131lar\u0131n kendilerine ait ki\u015fisel veriler \u00fczerindeki tercihlerini kullanabilmelerini son derece \u00f6nemsemektedir. Bununla birlikte, Sitenin \u00e7al\u0131\u015fmas\u0131 i\u00e7in zorunlu olan baz\u0131 \u00c7erezler konusunda tercih y\u00f6netimi m\u00fcmk\u00fcn olmamaktad\u0131r. Ayr\u0131ca baz\u0131 \u00c7erezlerin kapat\u0131lmas\u0131 halinde Sitenin \u00e7e\u015fitli fonksiyonlar\u0131n\u0131n \u00e7al\u0131\u015fmayabilece\u011fini hat\u0131rlatma isteriz.<\/p>\n<p><strong>Platform\u2019da kullan\u0131lan \u00c7erezlere dair tercihlerin ne \u015fekilde y\u00f6netebilece\u011fine dair bilgiler a\u015fa\u011f\u0131daki gibidir:<\/strong><br \/>\nZiyaret\u00e7iler, Platformu g\u00f6r\u00fcnt\u00fcledikleri taray\u0131c\u0131 ayarlar\u0131n\u0131 de\u011fi\u015ftirerek \u00e7erezlere ili\u015fkin tercihlerini ki\u015fiselle\u015ftirme imkan\u0131na sahiptir. E\u011fer kullan\u0131lmakta olan taray\u0131c\u0131 bu imk\u00e2n\u0131 sunmaktaysa, taray\u0131c\u0131 ayarlar\u0131 \u00fczerinden \u00c7erezlere ili\u015fkin tercihleri de\u011fi\u015ftirmek m\u00fcmk\u00fcnd\u00fcr. B\u00f6ylelikle, taray\u0131c\u0131n\u0131n sunmu\u015f oldu\u011fu imkanlara g\u00f6re farkl\u0131l\u0131k g\u00f6sterebilmekle birlikte, veri sahiplerinin \u00e7erezlerin kullan\u0131lmas\u0131n\u0131 engelleme, \u00e7erez kullan\u0131lmadan \u00f6nce uyar\u0131 almay\u0131 tercih etme veya sadece baz\u0131 \u00c7erezleri devre d\u0131\u015f\u0131 b\u0131rakma ya da silme imkanlar\u0131 bulunmaktad\u0131r. Bu konudaki tercihler kullan\u0131lan taray\u0131c\u0131ya g\u00f6re de\u011fi\u015fiklik g\u00f6stermekle birlikte genel a\u00e7\u0131klamaya https:\/\/www.aboutcookies.org\/ adresinden ula\u015fmak m\u00fcmk\u00fcnd\u00fcr. \u00c7erezlere ili\u015fkin tercihlerin, ziyaret\u00e7inin Platforma eri\u015fim sa\u011flad\u0131\u011f\u0131 her bir cihaz \u00f6zelinde ayr\u0131 ayr\u0131 yap\u0131lmas\u0131 gerekebilecektir.<br \/>\nGoogle Analytics taraf\u0131ndan\u00a0 y\u00f6netilen \u00c7erezleri kapatmak i\u00e7in\u00a0<a href=\"https:\/\/tools.google.com\/dlpage\/gaoptout\">t\u0131klay\u0131n\u0131z.<\/a><br \/>\nGoogle taraf\u0131ndan \u00a0sa\u011flanan ki\u015fiselle\u015ftirilmi\u015f reklam deneyimini y\u00f6netmek i\u00e7in\u00a0<a href=\"https:\/\/www.google.com\/settings\/ads\">t\u0131klay\u0131n\u0131z.<\/a><br \/>\nBir\u00e7ok firman\u0131n reklam faaliyetleri i\u00e7in kulland\u0131\u011f\u0131 \u00e7erezler bak\u0131m\u0131ndan tercihler\u00a0<a href=\"http:\/\/www.youronlinechoices.com\/tr\/reklam-tercihleriniz\">Your Online Choices<\/a>\u00a0\u00fczerinden y\u00f6netilebilir.<br \/>\nMobil cihazlar \u00fczerinden \u00c7erezleri y\u00f6netmek i\u00e7in mobil cihaza ait ayarlar men\u00fcs\u00fc kullan\u0131labilir.<\/p>\n<\/div><\/div><\/div><\/div><\/div><\/div><\/div><\/section>\n","protected":false},"excerpt":{"rendered":"AR ELEKTR\u0130K PANO \u0130N\u015e. TAAH. SAN. T\u0130C. A.\u015e. (AR Elektrik) olarak, kullan\u0131c\u0131lar\u0131m\u0131z\u0131n hizmetlerimizden g\u00fcvenli ve eksiksiz \u015fekilde faydalanmalar\u0131n\u0131 sa\u011flamak amac\u0131yla sitemizi kullanan ki\u015filerin gizlili\u011fini korumak i\u00e7in \u00e7al\u0131\u015f\u0131yoruz. \u00c7o\u011fu web sitesinde oldu\u011fu gibi, AR Elektrik (\u201cSite\u201d) ile mobil uygulaman\u0131n (hepsi birlikte \u201cPlatform\u201d olarak an\u0131lacakt\u0131r) ziyaret\u00e7ilere ki\u015fisel i\u00e7erik ve reklamlar g\u00f6stermek, site i\u00e7inde analitik faaliyetler ger\u00e7ekle\u015ftirmek ve...","protected":false},"author":1,"featured_media":0,"parent":0,"menu_order":1,"comment_status":"closed","ping_status":"closed","template":"","meta":{"footnotes":""},"class_list":["post-8647","page","type-page","status-publish","hentry"],"acf":[],"yoast_head":"<!-- This site is optimized with the Yoast SEO plugin v20.8 - https:\/\/yoast.com\/wordpress\/plugins\/seo\/ -->\n<title>\u00c7erez Politikas\u0131 | AR Elektrik<\/title>\n<meta name=\"robots\" content=\"index, follow, max-snippet:-1, max-image-preview:large, max-video-preview:-1\" \/>\n<link rel=\"canonical\" href=\"https:\/\/www.arelektrik.com\/en\/cerez-politikasi\/\" \/>\n<meta property=\"og:locale\" content=\"en_US\" \/>\n<meta property=\"og:type\" content=\"article\" \/>\n<meta property=\"og:title\" content=\"\u00c7erez Politikas\u0131 | AR Elektrik\" \/>\n<meta property=\"og:url\" content=\"https:\/\/www.arelektrik.com\/en\/cerez-politikasi\/\" \/>\n<meta property=\"og:site_name\" content=\"AR Elektrik\" \/>\n<meta property=\"article:publisher\" content=\"https:\/\/www.facebook.com\/arelektrik\/\" \/>\n<meta property=\"article:modified_time\" content=\"2022-06-09T15:01:23+00:00\" \/>\n<meta name=\"twitter:card\" content=\"summary_large_image\" \/>\n<meta name=\"twitter:site\" content=\"@AR_Elektrik\" \/>\n<meta name=\"twitter:label1\" content=\"Est. reading time\" \/>\n\t<meta name=\"twitter:data1\" content=\"4 minutes\" \/>\n<script type=\"application\/ld+json\" class=\"yoast-schema-graph\">{\"@context\":\"https:\/\/schema.org\",\"@graph\":[{\"@type\":\"WebPage\",\"@id\":\"https:\/\/www.arelektrik.com\/en\/cerez-politikasi\/\",\"url\":\"https:\/\/www.arelektrik.com\/en\/cerez-politikasi\/\",\"name\":\"\u00c7erez Politikas\u0131 | AR Elektrik\",\"isPartOf\":{\"@id\":\"https:\/\/www.arelektrik.com\/en\/#website\"},\"datePublished\":\"2022-05-25T07:40:17+00:00\",\"dateModified\":\"2022-06-09T15:01:23+00:00\",\"breadcrumb\":{\"@id\":\"https:\/\/www.arelektrik.com\/en\/cerez-politikasi\/#breadcrumb\"},\"inLanguage\":\"en-US\",\"potentialAction\":[{\"@type\":\"ReadAction\",\"target\":[\"https:\/\/www.arelektrik.com\/en\/cerez-politikasi\/\"]}]},{\"@type\":\"BreadcrumbList\",\"@id\":\"https:\/\/www.arelektrik.com\/en\/cerez-politikasi\/#breadcrumb\",\"itemListElement\":[{\"@type\":\"ListItem\",\"position\":1,\"name\":\"Anasayfa\",\"item\":\"https:\/\/www.arelektrik.com\/en\/\"},{\"@type\":\"ListItem\",\"position\":2,\"name\":\"\u00c7erez Politikas\u0131\"}]},{\"@type\":\"WebSite\",\"@id\":\"https:\/\/www.arelektrik.com\/en\/#website\",\"url\":\"https:\/\/www.arelektrik.com\/en\/\",\"name\":\"AR Elektrik\",\"description\":\"\",\"publisher\":{\"@id\":\"https:\/\/www.arelektrik.com\/en\/#organization\"},\"potentialAction\":[{\"@type\":\"SearchAction\",\"target\":{\"@type\":\"EntryPoint\",\"urlTemplate\":\"https:\/\/www.arelektrik.com\/en\/?s={search_term_string}\"},\"query-input\":\"required name=search_term_string\"}],\"inLanguage\":\"en-US\"},{\"@type\":\"Organization\",\"@id\":\"https:\/\/www.arelektrik.com\/en\/#organization\",\"name\":\"AR Elektrik\",\"url\":\"https:\/\/www.arelektrik.com\/en\/\",\"logo\":{\"@type\":\"ImageObject\",\"inLanguage\":\"en-US\",\"@id\":\"https:\/\/www.arelektrik.com\/en\/#\/schema\/logo\/image\/\",\"url\":\"https:\/\/www.arelektrik.com\/en\/wp-content\/uploads\/2022\/05\/AR-Elektrik-19-9-Logo.jpg\",\"contentUrl\":\"https:\/\/www.arelektrik.com\/en\/wp-content\/uploads\/2022\/05\/AR-Elektrik-19-9-Logo.jpg\",\"width\":1920,\"height\":1080,\"caption\":\"AR Elektrik\"},\"image\":{\"@id\":\"https:\/\/www.arelektrik.com\/en\/#\/schema\/logo\/image\/\"},\"sameAs\":[\"https:\/\/www.facebook.com\/arelektrik\/\",\"https:\/\/twitter.com\/AR_Elektrik\",\"https:\/\/www.instagram.com\/arelektrikpano\/\",\"https:\/\/www.youtube.com\/channel\/UCOyPir4cN9jLIz0xDRSrDvg\",\"https:\/\/www.linkedin.com\/company\/ar-elektrik\"]}]}<\/script>\n<!-- \/ Yoast SEO plugin. -->","yoast_head_json":{"title":"\u00c7erez Politikas\u0131 | AR Elektrik","robots":{"index":"index","follow":"follow","max-snippet":"max-snippet:-1","max-image-preview":"max-image-preview:large","max-video-preview":"max-video-preview:-1"},"canonical":"https:\/\/www.arelektrik.com\/en\/cerez-politikasi\/","og_locale":"en_US","og_type":"article","og_title":"\u00c7erez Politikas\u0131 | AR Elektrik","og_url":"https:\/\/www.arelektrik.com\/en\/cerez-politikasi\/","og_site_name":"AR Elektrik","article_publisher":"https:\/\/www.facebook.com\/arelektrik\/","article_modified_time":"2022-06-09T15:01:23+00:00","twitter_card":"summary_large_image","twitter_site":"@AR_Elektrik","twitter_misc":{"Est. reading time":"4 minutes"},"schema":{"@context":"https:\/\/schema.org","@graph":[{"@type":"WebPage","@id":"https:\/\/www.arelektrik.com\/en\/cerez-politikasi\/","url":"https:\/\/www.arelektrik.com\/en\/cerez-politikasi\/","name":"\u00c7erez Politikas\u0131 | AR Elektrik","isPartOf":{"@id":"https:\/\/www.arelektrik.com\/en\/#website"},"datePublished":"2022-05-25T07:40:17+00:00","dateModified":"2022-06-09T15:01:23+00:00","breadcrumb":{"@id":"https:\/\/www.arelektrik.com\/en\/cerez-politikasi\/#breadcrumb"},"inLanguage":"en-US","potentialAction":[{"@type":"ReadAction","target":["https:\/\/www.arelektrik.com\/en\/cerez-politikasi\/"]}]},{"@type":"BreadcrumbList","@id":"https:\/\/www.arelektrik.com\/en\/cerez-politikasi\/#breadcrumb","itemListElement":[{"@type":"ListItem","position":1,"name":"Anasayfa","item":"https:\/\/www.arelektrik.com\/en\/"},{"@type":"ListItem","position":2,"name":"\u00c7erez Politikas\u0131"}]},{"@type":"WebSite","@id":"https:\/\/www.arelektrik.com\/en\/#website","url":"https:\/\/www.arelektrik.com\/en\/","name":"AR Elektrik","description":"","publisher":{"@id":"https:\/\/www.arelektrik.com\/en\/#organization"},"potentialAction":[{"@type":"SearchAction","target":{"@type":"EntryPoint","urlTemplate":"https:\/\/www.arelektrik.com\/en\/?s={search_term_string}"},"query-input":"required name=search_term_string"}],"inLanguage":"en-US"},{"@type":"Organization","@id":"https:\/\/www.arelektrik.com\/en\/#organization","name":"AR Elektrik","url":"https:\/\/www.arelektrik.com\/en\/","logo":{"@type":"ImageObject","inLanguage":"en-US","@id":"https:\/\/www.arelektrik.com\/en\/#\/schema\/logo\/image\/","url":"https:\/\/www.arelektrik.com\/en\/wp-content\/uploads\/2022\/05\/AR-Elektrik-19-9-Logo.jpg","contentUrl":"https:\/\/www.arelektrik.com\/en\/wp-content\/uploads\/2022\/05\/AR-Elektrik-19-9-Logo.jpg","width":1920,"height":1080,"caption":"AR Elektrik"},"image":{"@id":"https:\/\/www.arelektrik.com\/en\/#\/schema\/logo\/image\/"},"sameAs":["https:\/\/www.facebook.com\/arelektrik\/","https:\/\/twitter.com\/AR_Elektrik","https:\/\/www.instagram.com\/arelektrikpano\/","https:\/\/www.youtube.com\/channel\/UCOyPir4cN9jLIz0xDRSrDvg","https:\/\/www.linkedin.com\/company\/ar-elektrik"]}]}},"_links":{"self":[{"href":"https:\/\/www.arelektrik.com\/en\/wp-json\/wp\/v2\/pages\/8647","targetHints":{"allow":["GET"]}}],"collection":[{"href":"https:\/\/www.arelektrik.com\/en\/wp-json\/wp\/v2\/pages"}],"about":[{"href":"https:\/\/www.arelektrik.com\/en\/wp-json\/wp\/v2\/types\/page"}],"author":[{"embeddable":true,"href":"https:\/\/www.arelektrik.com\/en\/wp-json\/wp\/v2\/users\/1"}],"replies":[{"embeddable":true,"href":"https:\/\/www.arelektrik.com\/en\/wp-json\/wp\/v2\/comments?post=8647"}],"version-history":[{"count":2,"href":"https:\/\/www.arelektrik.com\/en\/wp-json\/wp\/v2\/pages\/8647\/revisions"}],"predecessor-version":[{"id":9160,"href":"https:\/\/www.arelektrik.com\/en\/wp-json\/wp\/v2\/pages\/8647\/revisions\/9160"}],"wp:attachment":[{"href":"https:\/\/www.arelektrik.com\/en\/wp-json\/wp\/v2\/media?parent=8647"}],"curies":[{"name":"wp","href":"https:\/\/api.w.org\/{rel}","templated":true}]}}