{"id":3,"date":"2022-05-17T16:57:43","date_gmt":"2022-05-17T13:57:43","guid":{"rendered":"http:\/\/www.arelektrik.com\/en\/?page_id=3"},"modified":"2022-06-09T18:00:25","modified_gmt":"2022-06-09T15:00:25","slug":"gizlilik-politikasi","status":"publish","type":"page","link":"https:\/\/www.arelektrik.com\/en\/gizlilik-politikasi\/","title":{"rendered":"Gizlilik Politikas\u0131"},"content":{"rendered":"<section class=\"l-section wpb_row height_custom\"><div class=\"l-section-h i-cf\"><div class=\"g-cols vc_row via_flex valign_top type_default stacking_default\"><div class=\"vc_col-sm-12 wpb_column vc_column_container\"><div class=\"vc_column-inner\"><div class=\"wpb_wrapper\"><div class=\"wpb_text_column\"><div class=\"wpb_wrapper\"><p>AR ELEKTR\u0130K PANO \u0130N\u015e. TAAH. SAN. T\u0130C. A.\u015e. (AR Elektrik) olarak, kullan\u0131c\u0131lar\u0131m\u0131z\u0131n hizmetlerimizden g\u00fcvenli ve eksiksiz \u015fekilde faydalanmalar\u0131n\u0131 sa\u011flamak amac\u0131yla sitemizi kullanan \u00fcyelerimizin gizlili\u011fini korumak i\u00e7in \u00e7al\u0131\u015f\u0131yoruz. Bu do\u011frultuda, i\u015fbu AR Elektrik Gizlilik Politikas\u0131 (\u201cPolitika\u201d), \u00fcyelerimizin ki\u015fisel verilerinin 6698 say\u0131l\u0131 Ki\u015fisel Verilerin Korunmas\u0131 Kanunu (\u201cKanun\u201d) ile tamamen uyumlu bir \u015fekilde i\u015flenmesi ve kullan\u0131c\u0131lar\u0131m\u0131z\u0131 bu ba\u011flamda bilgilendirmek amac\u0131yla haz\u0131rlanm\u0131\u015ft\u0131r. AR Elektrik \u00e7erez politikas\u0131 \u0130\u015fbu Politikan\u0131n ayr\u0131lmaz par\u00e7as\u0131d\u0131r.<\/p>\n<p>\u0130\u015fbu Politikan\u0131n amac\u0131, AR Elektrik taraf\u0131ndan i\u015fletilmekte olan\u00a0https:\/\/arelektrik.com\/ internet sitesi ile mobil uygulaman\u0131n (hepsi birlikte \u201cPlatform\u201d olarak an\u0131lacakt\u0131r) i\u015fletilmesi s\u0131ras\u0131nda Platform \u00fcyeleri\/ziyaret\u00e7ileri\/kullan\u0131c\u0131lar\u0131 (hepsi birlikte \u201cVeri Sahibi\u201d olarak an\u0131lacakt\u0131r) taraf\u0131ndan\u00a0 AR Elektrik ile payla\u015f\u0131lan veya AR Elektrik\u2018in, Veri Sahibinin Platform\u2019u kullan\u0131m\u0131 s\u0131ras\u0131nda \u00fcretti\u011fi ki\u015fisel verilerin kullan\u0131m\u0131na ili\u015fkin ko\u015ful ve \u015fartlar\u0131 tespit etmektir.<\/p>\n<p><strong>Hangi Veriler \u0130\u015flenmektedir?<\/strong><br \/>\nA\u015fa\u011f\u0131da AR Elektrik taraf\u0131ndan i\u015flenen ve Kanun uyar\u0131nca ki\u015fisel veri say\u0131lan verilerin hangileri oldu\u011fu s\u0131ralanm\u0131\u015ft\u0131r. Aksi a\u00e7\u0131k\u00e7a belirtilmedik\u00e7e, i\u015fbu Politika kapsam\u0131nda arz edilen h\u00fck\u00fcm ve ko\u015fullar kapsam\u0131nda \u201cki\u015fisel veri\u201d ifadesi a\u015fa\u011f\u0131da yer alan bilgileri kapsayacakt\u0131r.<br \/>\nKimlik Bilgisi<br \/>\n\u0130leti\u015fim Bilgisi<br \/>\nKullan\u0131c\u0131 Bilgisi<br \/>\nKullan\u0131c\u0131 \u0130\u015flem Bilgisi<br \/>\n\u0130\u015flem G\u00fcvenli\u011fi Bilgisi<br \/>\nFinansal Bilgi<br \/>\nPazarlama Bilgisi<br \/>\nTalep\/\u015eikayet Y\u00f6netimi Bilgisi<br \/>\nKi\u015fisel Verilerin Korunmas\u0131 Kanunu\u2019nun 3. ve 7. maddeleri dairesince, geri d\u00f6nd\u00fcr\u00fclemeyecek \u015fekilde anonim hale getirilen veriler, an\u0131lan kanun h\u00fck\u00fcmleri uyar\u0131nca ki\u015fisel veri olarak kabul edilmeyecek ve bu verilere ili\u015fkin i\u015fleme faaliyetleri i\u015fbu Politika h\u00fck\u00fcmleri ile ba\u011fl\u0131 olmaks\u0131z\u0131n ger\u00e7ekle\u015ftirecektir.<\/p>\n<p><strong>Ki\u015fisel Veri \u0130\u015fleme Ama\u00e7lar\u0131<\/strong><\/p>\n<p>AR Elektrik, Veri Sahibi taraf\u0131ndan sa\u011flanan ki\u015fisel verileri, \u00fcyelik kayd\u0131 ve hesab\u0131n\u0131n olu\u015fturulmas\u0131 ve buna ili\u015fkin kay\u0131tlar\u0131n tutulmas\u0131, Veri Sahibinin Platform \u00fczerinden sa\u011flanan hizmetlerden faydaland\u0131r\u0131lmas\u0131 sistem hatalar\u0131n\u0131n tespit edilerek performans takibinin yap\u0131lmas\u0131 ve Platform \u2019un i\u015fleyi\u015finin iyile\u015ftirilmesi, bak\u0131m ve destek hizmetleri ile yedekleme hizmetlerinin sunulmas\u0131 ama\u00e7lar\u0131 dahil olmak \u00fczere AR Elektrik taraf\u0131ndan sunulan \u00fcr\u00fcn ve hizmetlerden ilgili ki\u015fileri faydaland\u0131rmak i\u00e7in gerekli \u00e7al\u0131\u015fmalar\u0131n i\u015f birimleri taraf\u0131ndan\u00a0 yap\u0131lmas\u0131 ve ilgili i\u015f s\u00fcre\u00e7lerinin y\u00fcr\u00fct\u00fclmesi ile bu \u00fcr\u00fcn ve hizmetlerin ilgili ki\u015filerin be\u011feni, kullan\u0131m al\u0131\u015fkanl\u0131klar\u0131 ve ihtiya\u00e7lar\u0131na g\u00f6re \u00f6zelle\u015ftirilerek ilgili ki\u015filere \u00f6nerilmesi ve tan\u0131t\u0131lmas\u0131 i\u00e7in gerekli olan aktivitelerin planlanmas\u0131 ve icras\u0131, AR Elektrik taraf\u0131ndan\u00a0 y\u00fcr\u00fct\u00fclen ticari faaliyetlerin ger\u00e7ekle\u015ftirilmesi i\u00e7in ilgili i\u015f birimleri taraf\u0131ndan\u00a0 gerekli \u00e7al\u0131\u015fmalar\u0131n yap\u0131lmas\u0131 ve buna ba\u011fl\u0131 i\u015f s\u00fcre\u00e7lerinin y\u00fcr\u00fct\u00fclmesi, AR Elektrik ve i\u015f ili\u015fkisi i\u00e7erisinde bulundu\u011fu ki\u015filerin hukuki, teknik ve ticari-i\u015f g\u00fcvenli\u011finin temini ile AR Elektrik \u2018in ticari ve\/veya i\u015f stratejilerinin planlanmas\u0131 ve icras\u0131 ama\u00e7lar\u0131yla i\u015flenebilecektir.<\/p>\n<p><strong>Veri Sahiplerinin A\u00e7\u0131k R\u0131zas\u0131 Do\u011frultusunda \u0130\u015flenecek Ki\u015fisel Veriler ve \u0130\u015fleme Ama\u00e7lar\u0131<\/strong><br \/>\nVeri Sahibinin a\u00e7\u0131k r\u0131zas\u0131 kapsam\u0131nda, AR Elektrik Veri Sahiplerinin Platform \u00fczerindeki hareketlerini takip ederek kullan\u0131c\u0131 deneyiminin art\u0131r\u0131lmas\u0131, istatistik olu\u015fturulmas\u0131, profilleme yap\u0131lmas\u0131, do\u011frudan pazarlama ve yeniden pazarlama, Veri Sahibi \u2019ne \u00f6zel promosyon \u00f6nerilerinin olu\u015fturulmas\u0131 ve Veri Sahibi \u2018ne iletilmesi ve bu kapsamda elde edilen verilerin her t\u00fcrl\u00fc reklam ve materyal i\u00e7eri\u011finde kullan\u0131lmas\u0131 amac\u0131yla veri i\u015fleyebilecek ve a\u015fa\u011f\u0131da an\u0131lan taraflarla bu verileri payla\u015fabilecektir.<\/p>\n<p><strong>Ki\u015fisel Verilerin Aktar\u0131m\u0131:<\/strong><br \/>\nAR Elektrik, Veri Sahibine ait ki\u015fisel verileri ve bu ki\u015fisel verileri kullan\u0131larak elde etti\u011fi yeni verileri, i\u015fbu Gizlilik Politikas\u0131 ile belirlenen ama\u00e7lar\u0131n ger\u00e7ekle\u015ftirilebilmesi i\u00e7in\u00a0AR Elektrik\u2018in hizmetlerinden faydaland\u0131\u011f\u0131 \u00fc\u00e7\u00fcnc\u00fc ki\u015filere, s\u00f6z konusu hizmetlerin temini amac\u0131yla s\u0131n\u0131rl\u0131 olmak \u00fczere aktar\u0131labilecektir.<br \/>\nAR Elektrik, Veri Sahibi deneyiminin geli\u015ftirilmesi (iyile\u015ftirme ve ki\u015fiselle\u015ftirme d\u00e2hil), Veri Sahibinin g\u00fcvenli\u011fini sa\u011flamak, hileli ya da izinsiz kullan\u0131mlar\u0131 tespit etmek, operasyonel de\u011ferlendirme ara\u015ft\u0131r\u0131lmas\u0131, Platform hizmetlerine ili\u015fkin hatalar\u0131n giderilmesi ve i\u015fbu Gizlilik Politikas\u0131nda yer alan ama\u00e7lardan herhangi birisini ger\u00e7ekle\u015ftirebilmek i\u00e7in SMS g\u00f6nderimi yapanlar da dahil olmak \u00fczere d\u0131\u015f kaynak hizmet sa\u011flay\u0131c\u0131lar\u0131, bar\u0131nd\u0131rma hizmet sa\u011flay\u0131c\u0131lar\u0131 (hosting servisleri), hukuk b\u00fcrolar\u0131, ara\u015ft\u0131rma \u015firketleri, \u00e7a\u011fr\u0131 merkezleri gibi \u00fc\u00e7\u00fcnc\u00fc ki\u015filer ile payla\u015fabilecektir.<br \/>\nKi\u015fisel veriler, Kanun\u2019un 8. ve 9. maddelerinde belirtilen ki\u015fisel veri i\u015fleme \u015fartlar\u0131 ve ama\u00e7lar\u0131 \u00e7er\u00e7evesinde ve AR Elektrik \u015eirket yetkilileri, hissedarlar\u0131, i\u015f ortaklar\u0131m\u0131z, tedarik\u00e7ilerimiz, kanunen yetkili kamu kurum ve kurulu\u015flar\u0131 ile kanunen yetkili \u00f6zel kurumlar ile payla\u015f\u0131labilecek, bu ama\u00e7larla s\u0131n\u0131rl\u0131 olarak Kanun m.9\u2019da i\u015faret edilen usul esaslar ile Ki\u015fisel Verileri Koruma Kurulu kararlar\u0131 \u00e7er\u00e7evesinde yurt d\u0131\u015f\u0131na aktar\u0131labilecektir.<br \/>\nKi\u015fisel Verilerin Toplanma Y\u00f6ntemi ve Hukuki Sebebi Ki\u015fisel veriler, Platform \u00fczerinden ve elektronik ortamda toplanmaktad\u0131r.<br \/>\nYukar\u0131da belirtilen hukuki sebeplerle toplanan ki\u015fisel veriler 6698 say\u0131l\u0131 Kanun\u2019un 5. ve 6. maddelerinde ve bu Gizlilik Politikas\u0131nda belirtilen ama\u00e7larla i\u015flenebilmekte ve aktar\u0131labilmektedir.<\/p>\n<p><strong>Ki\u015fisel Veri Sahibinin Haklar\u0131<\/strong><br \/>\n<strong>Kanun\u2019un 11. maddesi uyar\u0131nca veri sahipleri,<\/strong><br \/>\nKendileri ile ilgili ki\u015fisel veri i\u015flenip i\u015flenmedi\u011fini \u00f6\u011frenme, ki\u015fisel verileri i\u015flenmi\u015fse buna ili\u015fkin bilgi talep etme,<br \/>\nKi\u015fisel verilerin i\u015flenme amac\u0131n\u0131 ve bunlar\u0131n amac\u0131na uygun kullan\u0131l\u0131p kullan\u0131lmad\u0131\u011f\u0131n\u0131 \u00f6\u011frenme, yurt i\u00e7inde veya yurt d\u0131\u015f\u0131nda ki\u015fisel verilerin aktar\u0131ld\u0131\u011f\u0131 \u00fc\u00e7\u00fcnc\u00fc ki\u015fileri bilme,<br \/>\nKi\u015fisel verilerin eksik veya yanl\u0131\u015f i\u015flenmi\u015f olmas\u0131 halinde bunlar\u0131n d\u00fczeltilmesini isteme ve bu kapsamda yap\u0131lan i\u015flemin ki\u015fisel verilerin aktar\u0131ld\u0131\u011f\u0131 \u00fc\u00e7\u00fcnc\u00fc ki\u015filere bildirilmesini isteme,<br \/>\nKanun ve ilgili di\u011fer kanun h\u00fck\u00fcmlerine uygun olarak i\u015flenmi\u015f olmas\u0131na ra\u011fmen, i\u015flenmesini gerektiren sebeplerin ortadan kalkmas\u0131 halinde ki\u015fisel verilerin silinmesini veya yok edilmesini isteme ve bu kapsamda yap\u0131lan i\u015flemin ki\u015fisel verilerin aktar\u0131ld\u0131\u011f\u0131 \u00fc\u00e7\u00fcnc\u00fc ki\u015filere bildirilmesini isteme,<br \/>\n\u0130\u015flenen verilerin m\u00fcnhas\u0131ran otomatik sistemler vas\u0131tas\u0131yla analiz edilmesi suretiyle ki\u015finin kendisi aleyhine bir sonucun ortaya \u00e7\u0131kmas\u0131na itiraz etme ve ki\u015fisel verilerin kanuna ayk\u0131r\u0131 olarak i\u015flenmesi sebebiyle zarara u\u011framas\u0131 halinde zarar\u0131n giderilmesini talep etme haklar\u0131na sahiptir.<br \/>\nS\u00f6z konusu haklar\u0131n kullan\u0131m\u0131na ili\u015fkin talepler, ki\u015fisel veri sahipleri taraf\u0131ndan\u00a0\u00a0<a href=\"https:\/\/arelektrik.com\/\">https:\/\/arelektrik.com\/<\/a> \u00a0adresinde yer alan 6698 say\u0131l\u0131 Kanun Kapsam\u0131nda AR Elektrik taraf\u0131ndan\u00a0 haz\u0131rlanan Ki\u015fisel Verilerin \u0130\u015flenmesi ve Korunmas\u0131na ili\u015fkin Politika \u2019da belirtilen y\u00f6ntemlerle iletilebilecektir.<br \/>\nAR Elektrik s\u00f6z konusu talepleri otuz g\u00fcn i\u00e7erisinde sonu\u00e7land\u0131racakt\u0131r.<br \/>\nAR Elektrik\u2018in taleplere ili\u015fkin olarak Ki\u015fisel Verileri Koruma Kurulu taraf\u0131ndan\u00a0belirlenen (varsa) \u00fccret tarifesi \u00fczerinden \u00fccret talep etme hakk\u0131 sakl\u0131d\u0131r.<br \/>\n<strong>Hangi Haklara Sahipsiniz?<\/strong><br \/>\n6698 Say\u0131l\u0131 Ki\u015fisel Verilerin Korunmas\u0131 Kanunu\u2019nun 11. maddesi uyar\u0131nca ziyaret\u00e7iler, AR Elektrik\u2019e ba\u015fvurarak, kendileriyle ilgili,<br \/>\nKi\u015fisel veri i\u015flenip i\u015flenmedi\u011fini \u00f6\u011frenme,<br \/>\nKi\u015fisel verileri i\u015flenmi\u015fse buna ili\u015fkin bilgi talep etme,<br \/>\nKi\u015fisel verilerin i\u015flenme amac\u0131n\u0131 ve bunlar\u0131n amac\u0131na uygun kullan\u0131l\u0131p kullan\u0131lmad\u0131\u011f\u0131n\u0131 \u00f6\u011frenme,<br \/>\nYurt i\u00e7inde veya yurt d\u0131\u015f\u0131nda ki\u015fisel verilerin aktar\u0131ld\u0131\u011f\u0131 \u00fc\u00e7\u00fcnc\u00fc ki\u015fileri bilme,<br \/>\nKi\u015fisel verilerin eksik veya yanl\u0131\u015f i\u015flenmi\u015f olmas\u0131 h\u00e2linde bunlar\u0131n d\u00fczeltilmesini isteme ve bu kapsamda yap\u0131lan i\u015flemin ki\u015fisel verilerin aktar\u0131ld\u0131\u011f\u0131 \u00fc\u00e7\u00fcnc\u00fc ki\u015filere bildirilmesini isteme,<br \/>\nKanun ve ilgili di\u011fer kanun h\u00fck\u00fcmlerine uygun olarak i\u015flenmi\u015f olmas\u0131na ra\u011fmen, i\u015flenmesini gerektiren sebeplerin ortadan kalkmas\u0131 h\u00e2linde ki\u015fisel verilerin silinmesini veya yok edilmesini isteme ve bu kapsamda yap\u0131lan i\u015flemin ki\u015fisel verilerin aktar\u0131ld\u0131\u011f\u0131 \u00fc\u00e7\u00fcnc\u00fc ki\u015filere bildirilmesini isteme,<br \/>\n\u0130\u015flenen verilerin m\u00fcnhas\u0131ran otomatik sistemler vas\u0131tas\u0131yla analiz edilmesi suretiyle ki\u015finin kendisi aleyhine bir sonucun ortaya \u00e7\u0131kmas\u0131na itiraz etme,<br \/>\nKi\u015fisel verilerin kanuna ayk\u0131r\u0131 olarak i\u015flenmesi sebebiyle zarara u\u011framas\u0131 h\u00e2linde zarar\u0131n giderilmesini talep etme haklar\u0131na sahiptir.<br \/>\nS\u00f6z konusu haklar, ki\u015fisel veri sahipleri taraf\u0131ndan\u00a0 6698 say\u0131l\u0131 Kanun Kapsam\u0131nda AR Elektrik taraf\u0131ndan\u00a0 haz\u0131rlanan Ki\u015fisel Verilerin \u0130\u015flenmesi ve Korunmas\u0131na ili\u015fkin Politika\u2019da belirtilen y\u00f6ntemlerle iletildi\u011finde her h\u00e2l\u00fck\u00e2rda 30 (otuz) g\u00fcn i\u00e7erisinde de\u011ferlendirilerek sonu\u00e7land\u0131r\u0131lacakt\u0131r.<br \/>\nTaleplere ili\u015fkin olarak herhangi bir \u00fccret talep edilmemesi esas olmakla birlikte, AR Elektrik Ki\u015fisel Verileri Koruma Kurulu taraf\u0131ndan\u00a0 belirlenen \u00fccret tarifesi \u00fczerinden \u00fccret talep etme hakk\u0131n\u0131 sakl\u0131 tutar.<\/p>\n<p><strong>R\u0131za ve Gizlilik Politikas\u0131ndaki De\u011fi\u015fiklikler<\/strong><br \/>\nAR Elektrik, Gizlilik Politikas\u0131 (\u201cPolitika\u201d) ile kullan\u0131c\u0131lar\u0131na \u00c7erez kullan\u0131m\u0131n\u0131n kapsam\u0131 ve ama\u00e7lar\u0131 hakk\u0131nda detayl\u0131 a\u00e7\u0131klama sunmay\u0131 ve \u00c7erez tercihleri konusunda kullan\u0131c\u0131lar\u0131n\u0131 bilgilendirmeyi hedeflemi\u015ftir.<br \/>\nBu bak\u0131mdan, Platform \u2018da yer alan \u00c7erez bilgilendirme uyar\u0131s\u0131n\u0131n kapat\u0131lmas\u0131 ve Site\u2019nin kullan\u0131lmaya devam edilmesi halinde \u00c7erez kullan\u0131m\u0131na r\u0131za verildi\u011fi kabul edilmektedir.<br \/>\nKullan\u0131c\u0131lar\u0131n \u00c7erez tercihlerini de\u011fi\u015ftirme imk\u00e2n\u0131 her zaman sakl\u0131d\u0131r.<br \/>\nAR Elektrik, Politika h\u00fck\u00fcmlerini diledi\u011fi zaman de\u011fi\u015ftirebilir.<br \/>\nG\u00fcncel Politika Platform \u2018da yay\u0131nland\u0131\u011f\u0131 tarihte y\u00fcr\u00fcrl\u00fck kazan\u0131r.<\/p>\n<\/div><\/div><\/div><\/div><\/div><\/div><\/div><\/section>\n","protected":false},"excerpt":{"rendered":"AR ELEKTR\u0130K PANO \u0130N\u015e. TAAH. SAN. T\u0130C. A.\u015e. (AR Elektrik) olarak, kullan\u0131c\u0131lar\u0131m\u0131z\u0131n hizmetlerimizden g\u00fcvenli ve eksiksiz \u015fekilde faydalanmalar\u0131n\u0131 sa\u011flamak amac\u0131yla sitemizi kullanan \u00fcyelerimizin gizlili\u011fini korumak i\u00e7in \u00e7al\u0131\u015f\u0131yoruz. Bu do\u011frultuda, i\u015fbu AR Elektrik Gizlilik Politikas\u0131 (\u201cPolitika\u201d), \u00fcyelerimizin ki\u015fisel verilerinin 6698 say\u0131l\u0131 Ki\u015fisel Verilerin Korunmas\u0131 Kanunu (\u201cKanun\u201d) ile tamamen uyumlu bir \u015fekilde i\u015flenmesi ve kullan\u0131c\u0131lar\u0131m\u0131z\u0131 bu ba\u011flamda...","protected":false},"author":1,"featured_media":0,"parent":0,"menu_order":28,"comment_status":"closed","ping_status":"open","template":"","meta":{"footnotes":""},"class_list":["post-3","page","type-page","status-publish","hentry"],"acf":[],"yoast_head":"<!-- This site is optimized with the Yoast SEO plugin v20.8 - https:\/\/yoast.com\/wordpress\/plugins\/seo\/ -->\n<title>Gizlilik Politikas\u0131 | AR Elektrik<\/title>\n<meta name=\"robots\" content=\"index, follow, max-snippet:-1, max-image-preview:large, max-video-preview:-1\" \/>\n<link rel=\"canonical\" href=\"https:\/\/www.arelektrik.com\/en\/gizlilik-politikasi\/\" \/>\n<meta property=\"og:locale\" content=\"en_US\" \/>\n<meta property=\"og:type\" content=\"article\" \/>\n<meta property=\"og:title\" content=\"Gizlilik Politikas\u0131 | AR Elektrik\" \/>\n<meta property=\"og:url\" content=\"https:\/\/www.arelektrik.com\/en\/gizlilik-politikasi\/\" \/>\n<meta property=\"og:site_name\" content=\"AR Elektrik\" \/>\n<meta property=\"article:publisher\" content=\"https:\/\/www.facebook.com\/arelektrik\/\" \/>\n<meta property=\"article:modified_time\" content=\"2022-06-09T15:00:25+00:00\" \/>\n<meta name=\"twitter:card\" content=\"summary_large_image\" \/>\n<meta name=\"twitter:site\" content=\"@AR_Elektrik\" \/>\n<meta name=\"twitter:label1\" content=\"Est. reading time\" \/>\n\t<meta name=\"twitter:data1\" content=\"8 minutes\" \/>\n<script type=\"application\/ld+json\" class=\"yoast-schema-graph\">{\"@context\":\"https:\/\/schema.org\",\"@graph\":[{\"@type\":\"WebPage\",\"@id\":\"https:\/\/www.arelektrik.com\/en\/gizlilik-politikasi\/\",\"url\":\"https:\/\/www.arelektrik.com\/en\/gizlilik-politikasi\/\",\"name\":\"Gizlilik Politikas\u0131 | AR Elektrik\",\"isPartOf\":{\"@id\":\"https:\/\/www.arelektrik.com\/en\/#website\"},\"datePublished\":\"2022-05-17T13:57:43+00:00\",\"dateModified\":\"2022-06-09T15:00:25+00:00\",\"breadcrumb\":{\"@id\":\"https:\/\/www.arelektrik.com\/en\/gizlilik-politikasi\/#breadcrumb\"},\"inLanguage\":\"en-US\",\"potentialAction\":[{\"@type\":\"ReadAction\",\"target\":[\"https:\/\/www.arelektrik.com\/en\/gizlilik-politikasi\/\"]}]},{\"@type\":\"BreadcrumbList\",\"@id\":\"https:\/\/www.arelektrik.com\/en\/gizlilik-politikasi\/#breadcrumb\",\"itemListElement\":[{\"@type\":\"ListItem\",\"position\":1,\"name\":\"Anasayfa\",\"item\":\"https:\/\/www.arelektrik.com\/en\/\"},{\"@type\":\"ListItem\",\"position\":2,\"name\":\"Gizlilik Politikas\u0131\"}]},{\"@type\":\"WebSite\",\"@id\":\"https:\/\/www.arelektrik.com\/en\/#website\",\"url\":\"https:\/\/www.arelektrik.com\/en\/\",\"name\":\"AR Elektrik\",\"description\":\"\",\"publisher\":{\"@id\":\"https:\/\/www.arelektrik.com\/en\/#organization\"},\"potentialAction\":[{\"@type\":\"SearchAction\",\"target\":{\"@type\":\"EntryPoint\",\"urlTemplate\":\"https:\/\/www.arelektrik.com\/en\/?s={search_term_string}\"},\"query-input\":\"required name=search_term_string\"}],\"inLanguage\":\"en-US\"},{\"@type\":\"Organization\",\"@id\":\"https:\/\/www.arelektrik.com\/en\/#organization\",\"name\":\"AR Elektrik\",\"url\":\"https:\/\/www.arelektrik.com\/en\/\",\"logo\":{\"@type\":\"ImageObject\",\"inLanguage\":\"en-US\",\"@id\":\"https:\/\/www.arelektrik.com\/en\/#\/schema\/logo\/image\/\",\"url\":\"https:\/\/www.arelektrik.com\/en\/wp-content\/uploads\/2022\/05\/AR-Elektrik-19-9-Logo.jpg\",\"contentUrl\":\"https:\/\/www.arelektrik.com\/en\/wp-content\/uploads\/2022\/05\/AR-Elektrik-19-9-Logo.jpg\",\"width\":1920,\"height\":1080,\"caption\":\"AR Elektrik\"},\"image\":{\"@id\":\"https:\/\/www.arelektrik.com\/en\/#\/schema\/logo\/image\/\"},\"sameAs\":[\"https:\/\/www.facebook.com\/arelektrik\/\",\"https:\/\/twitter.com\/AR_Elektrik\",\"https:\/\/www.instagram.com\/arelektrikpano\/\",\"https:\/\/www.youtube.com\/channel\/UCOyPir4cN9jLIz0xDRSrDvg\",\"https:\/\/www.linkedin.com\/company\/ar-elektrik\"]}]}<\/script>\n<!-- \/ Yoast SEO plugin. -->","yoast_head_json":{"title":"Gizlilik Politikas\u0131 | AR Elektrik","robots":{"index":"index","follow":"follow","max-snippet":"max-snippet:-1","max-image-preview":"max-image-preview:large","max-video-preview":"max-video-preview:-1"},"canonical":"https:\/\/www.arelektrik.com\/en\/gizlilik-politikasi\/","og_locale":"en_US","og_type":"article","og_title":"Gizlilik Politikas\u0131 | AR Elektrik","og_url":"https:\/\/www.arelektrik.com\/en\/gizlilik-politikasi\/","og_site_name":"AR Elektrik","article_publisher":"https:\/\/www.facebook.com\/arelektrik\/","article_modified_time":"2022-06-09T15:00:25+00:00","twitter_card":"summary_large_image","twitter_site":"@AR_Elektrik","twitter_misc":{"Est. reading time":"8 minutes"},"schema":{"@context":"https:\/\/schema.org","@graph":[{"@type":"WebPage","@id":"https:\/\/www.arelektrik.com\/en\/gizlilik-politikasi\/","url":"https:\/\/www.arelektrik.com\/en\/gizlilik-politikasi\/","name":"Gizlilik Politikas\u0131 | AR Elektrik","isPartOf":{"@id":"https:\/\/www.arelektrik.com\/en\/#website"},"datePublished":"2022-05-17T13:57:43+00:00","dateModified":"2022-06-09T15:00:25+00:00","breadcrumb":{"@id":"https:\/\/www.arelektrik.com\/en\/gizlilik-politikasi\/#breadcrumb"},"inLanguage":"en-US","potentialAction":[{"@type":"ReadAction","target":["https:\/\/www.arelektrik.com\/en\/gizlilik-politikasi\/"]}]},{"@type":"BreadcrumbList","@id":"https:\/\/www.arelektrik.com\/en\/gizlilik-politikasi\/#breadcrumb","itemListElement":[{"@type":"ListItem","position":1,"name":"Anasayfa","item":"https:\/\/www.arelektrik.com\/en\/"},{"@type":"ListItem","position":2,"name":"Gizlilik Politikas\u0131"}]},{"@type":"WebSite","@id":"https:\/\/www.arelektrik.com\/en\/#website","url":"https:\/\/www.arelektrik.com\/en\/","name":"AR Elektrik","description":"","publisher":{"@id":"https:\/\/www.arelektrik.com\/en\/#organization"},"potentialAction":[{"@type":"SearchAction","target":{"@type":"EntryPoint","urlTemplate":"https:\/\/www.arelektrik.com\/en\/?s={search_term_string}"},"query-input":"required name=search_term_string"}],"inLanguage":"en-US"},{"@type":"Organization","@id":"https:\/\/www.arelektrik.com\/en\/#organization","name":"AR Elektrik","url":"https:\/\/www.arelektrik.com\/en\/","logo":{"@type":"ImageObject","inLanguage":"en-US","@id":"https:\/\/www.arelektrik.com\/en\/#\/schema\/logo\/image\/","url":"https:\/\/www.arelektrik.com\/en\/wp-content\/uploads\/2022\/05\/AR-Elektrik-19-9-Logo.jpg","contentUrl":"https:\/\/www.arelektrik.com\/en\/wp-content\/uploads\/2022\/05\/AR-Elektrik-19-9-Logo.jpg","width":1920,"height":1080,"caption":"AR Elektrik"},"image":{"@id":"https:\/\/www.arelektrik.com\/en\/#\/schema\/logo\/image\/"},"sameAs":["https:\/\/www.facebook.com\/arelektrik\/","https:\/\/twitter.com\/AR_Elektrik","https:\/\/www.instagram.com\/arelektrikpano\/","https:\/\/www.youtube.com\/channel\/UCOyPir4cN9jLIz0xDRSrDvg","https:\/\/www.linkedin.com\/company\/ar-elektrik"]}]}},"_links":{"self":[{"href":"https:\/\/www.arelektrik.com\/en\/wp-json\/wp\/v2\/pages\/3","targetHints":{"allow":["GET"]}}],"collection":[{"href":"https:\/\/www.arelektrik.com\/en\/wp-json\/wp\/v2\/pages"}],"about":[{"href":"https:\/\/www.arelektrik.com\/en\/wp-json\/wp\/v2\/types\/page"}],"author":[{"embeddable":true,"href":"https:\/\/www.arelektrik.com\/en\/wp-json\/wp\/v2\/users\/1"}],"replies":[{"embeddable":true,"href":"https:\/\/www.arelektrik.com\/en\/wp-json\/wp\/v2\/comments?post=3"}],"version-history":[{"count":3,"href":"https:\/\/www.arelektrik.com\/en\/wp-json\/wp\/v2\/pages\/3\/revisions"}],"predecessor-version":[{"id":9159,"href":"https:\/\/www.arelektrik.com\/en\/wp-json\/wp\/v2\/pages\/3\/revisions\/9159"}],"wp:attachment":[{"href":"https:\/\/www.arelektrik.com\/en\/wp-json\/wp\/v2\/media?parent=3"}],"curies":[{"name":"wp","href":"https:\/\/api.w.org\/{rel}","templated":true}]}}